{"id":14194,"date":"2024-08-21T10:33:59","date_gmt":"2024-08-21T08:33:59","guid":{"rendered":"https:\/\/www.doubledigitstore.com\/prodotto\/bass-x-spinning\/"},"modified":"2024-08-21T10:33:59","modified_gmt":"2024-08-21T08:33:59","slug":"bass-x-spinning","status":"publish","type":"product","link":"https:\/\/www.doubledigitstore.com\/es\/prodotto\/bass-x-spinning\/","title":{"rendered":"Bass X Spinning"},"content":{"rendered":"<p>Las ca\u00f1as St. Croix Bass X Spinning, que ofrecen un rendimiento legendario a un precio asequible para el pescador, se basan en materiales de \u00faltima generaci\u00f3n y tecnolog\u00edas l\u00edderes en el sector para luchar contra las lubinas m\u00e1s grandes de tu agua. Las ca\u00f1as se basan en robustos blank de fibra de carbono SCII que ofrecen una sensibilidad y durabilidad impresionantes sin sobrecargarlas. Un tren de gu\u00edas de acero inoxidable con inserciones de \u00f3xido de aluminio trabaja para ofrecer una gesti\u00f3n experta del lance y un funcionamiento silencioso que cualquier pescador sabr\u00e1 apreciar. Adem\u00e1s de las ca\u00f1as fabricadas por expertos, las ca\u00f1as St. Croix Bass X Spinning vienen equipadas con componentes de primera calidad para ofrecer una plataforma de pesca fina y completa. Los portacarretes, sumamente ergon\u00f3micos, sujetan tu carrete favorito en su sitio con una construcci\u00f3n especializada que ayuda a que no pase desapercibido ning\u00fan sutil mordisco. Junto a los portacarretes, los pescadores encontrar\u00e1n una mezcla de mangos de corcho de primera calidad con secciones de espuma EVA para mayor comodidad y rendimiento en cualquier condici\u00f3n meteorol\u00f3gica. Completadas con c\u00f3modos sistemas de sujeci\u00f3n para guardar el se\u00f1uelo cuando no se usa, las ca\u00f1as St. Croix Bass X Spinning ofrecen un rendimiento extremo sin un precio extremo. -Blanks de fibra de carbono SCII<br \/>\n-Gu\u00edas de acero inoxidable con inserciones de \u00f3xido de aluminio<br \/>\n-Ergon\u00f3micos portacarretes<br \/>\n-Mangos de corcho y espuma EVA de primera calidad<br \/>\n-C\u00f3modo sistema de sujeci\u00f3n de anzuelos<\/p>\n","protected":false},"excerpt":{"rendered":"<p><strong>St. Croix<\/strong><\/p>\n<p>1 Model<\/p>\n","protected":false},"featured_media":14139,"comment_status":"closed","ping_status":"closed","template":"","meta":{"_acf_changed":false,"site-sidebar-layout":"default","site-content-layout":"","ast-site-content-layout":"default","site-content-style":"default","site-sidebar-style":"default","ast-global-header-display":"","ast-banner-title-visibility":"","ast-main-header-display":"","ast-hfb-above-header-display":"","ast-hfb-below-header-display":"","ast-hfb-mobile-header-display":"","site-post-title":"","ast-breadcrumbs-content":"","ast-featured-img":"","footer-sml-layout":"","theme-transparent-header-meta":"default","adv-header-id-meta":"","stick-header-meta":"","header-above-stick-meta":"","header-main-stick-meta":"","header-below-stick-meta":"","astra-migrate-meta-layouts":"default","ast-page-background-enabled":"default","ast-page-background-meta":{"desktop":{"background-color":"","background-image":"","background-repeat":"repeat","background-position":"center center","background-size":"auto","background-attachment":"scroll","background-type":"","background-media":"","overlay-type":"","overlay-color":"","overlay-opacity":"","overlay-gradient":""},"tablet":{"background-color":"","background-image":"","background-repeat":"repeat","background-position":"center center","background-size":"auto","background-attachment":"scroll","background-type":"","background-media":"","overlay-type":"","overlay-color":"","overlay-opacity":"","overlay-gradient":""},"mobile":{"background-color":"","background-image":"","background-repeat":"repeat","background-position":"center center","background-size":"auto","background-attachment":"scroll","background-type":"","background-media":"","overlay-type":"","overlay-color":"","overlay-opacity":"","overlay-gradient":""}},"ast-content-background-meta":{"desktop":{"background-color":"var(--ast-global-color-5)","background-image":"","background-repeat":"repeat","background-position":"center center","background-size":"auto","background-attachment":"scroll","background-type":"","background-media":"","overlay-type":"","overlay-color":"","overlay-opacity":"","overlay-gradient":""},"tablet":{"background-color":"var(--ast-global-color-5)","background-image":"","background-repeat":"repeat","background-position":"center center","background-size":"auto","background-attachment":"scroll","background-type":"","background-media":"","overlay-type":"","overlay-color":"","overlay-opacity":"","overlay-gradient":""},"mobile":{"background-color":"var(--ast-global-color-5)","background-image":"","background-repeat":"repeat","background-position":"center center","background-size":"auto","background-attachment":"scroll","background-type":"","background-media":"","overlay-type":"","overlay-color":"","overlay-opacity":"","overlay-gradient":""}}},"product_cat":[711,868],"product_tag":[],"class_list":{"0":"post-14194","1":"product","2":"type-product","3":"status-publish","4":"has-post-thumbnail","6":"product_cat-sub_categoria","7":"product_cat-canas-de-spinning","8":"yith_product_brand-st-croix-es","9":"desktop-align-left","10":"tablet-align-left","11":"mobile-align-center","13":"first","14":"instock","15":"shipping-taxable","16":"purchasable","17":"product-type-simple"},"acf":[],"_links":{"self":[{"href":"https:\/\/www.doubledigitstore.com\/es\/wp-json\/wp\/v2\/product\/14194","targetHints":{"allow":["GET"]}}],"collection":[{"href":"https:\/\/www.doubledigitstore.com\/es\/wp-json\/wp\/v2\/product"}],"about":[{"href":"https:\/\/www.doubledigitstore.com\/es\/wp-json\/wp\/v2\/types\/product"}],"replies":[{"embeddable":true,"href":"https:\/\/www.doubledigitstore.com\/es\/wp-json\/wp\/v2\/comments?post=14194"}],"version-history":[{"count":0,"href":"https:\/\/www.doubledigitstore.com\/es\/wp-json\/wp\/v2\/product\/14194\/revisions"}],"wp:featuredmedia":[{"embeddable":true,"href":"https:\/\/www.doubledigitstore.com\/es\/wp-json\/wp\/v2\/media\/14139"}],"wp:attachment":[{"href":"https:\/\/www.doubledigitstore.com\/es\/wp-json\/wp\/v2\/media?parent=14194"}],"wp:term":[{"taxonomy":"product_cat","embeddable":true,"href":"https:\/\/www.doubledigitstore.com\/es\/wp-json\/wp\/v2\/product_cat?post=14194"},{"taxonomy":"product_tag","embeddable":true,"href":"https:\/\/www.doubledigitstore.com\/es\/wp-json\/wp\/v2\/product_tag?post=14194"}],"curies":[{"name":"wp","href":"https:\/\/api.w.org\/{rel}","templated":true}]}}