{"id":14200,"date":"2024-07-16T17:30:07","date_gmt":"2024-07-16T15:30:07","guid":{"rendered":"https:\/\/www.doubledigitstore.com\/prodotto\/legend-tournament-spinning\/"},"modified":"2024-07-16T17:30:07","modified_gmt":"2024-07-16T15:30:07","slug":"legend-tournament-spinning","status":"publish","type":"product","link":"https:\/\/www.doubledigitstore.com\/es\/prodotto\/legend-tournament-spinning\/","title":{"rendered":"LEGEND TOURNAMENT SPINNING"},"content":{"rendered":"<p>ST.CROIX LEGEND TOURNAMENT CASTING Una leyenda renovada. La nueva generaci\u00f3n de la serie Legend Tournament Bass spinning se ha actualizado en dise\u00f1o, materiales y opiniones reconocidas por los pescadores de ca\u00f1a St. Croix. Equipada con empu\u00f1aduras, longitudes, potencias y acciones espec\u00edficas para las \u00faltimas t\u00e9cnicas de pesca del Bass,<br \/>\nla nueva serie Legend Tournament Bass spinning tambi\u00e9n ofrece dos nuevos materiales en la composici\u00f3n de los blanks. Todos los modelos est\u00e1n fabricados con el nuevo grafito SCIV+ Carbon Fiber, una composici\u00f3n estrat\u00e9gica de grafito exclusivo SCIV y SCVI, mientras que algunos modelos incorporan una mezcla de grafito SCIV+ con iAct Glass, un h\u00edbrido de fibra de carbono con Linear S-Glass internamente activo. La St.Croix Legend Tournament Bass se ofrece en 16 nuevos modelos.<\/p>\n<ul>\n<li>Fortified Resin System (FRS) technology.<\/li>\n<li>Advanced Reinforcing Technology\u2122 (ART\u2122).<\/li>\n<li>Integrated Poly Curve\u00ae (IPC\u00ae) mandrel technology.<\/li>\n<li>Taper Enhancement Technology (TET) blank design.<\/li>\n<li>Gu\u00edas Fuji\u00ae Serie K sin enredos con anillas Alconite\u00ae.<\/li>\n<li>Portacarretes Fuji\u00ae SK2 en los modelos de lanzado, con componentes ergon\u00f3micos complementarios.<\/li>\n<li>Asiento real Fuji\u00ae VSS en modelos de spinning con empu\u00f1adura extendida.<\/li>\n<li>Tuercas de portacarretes de aluminio mecanizado de precisi\u00f3n y retenes en modelos de spinning y casting.<\/li>\n<li>Mangos de corcho de calidad superior con empu\u00f1adura dividida, personalizados seg\u00fan el modelo.<\/li>\n<li>Empu\u00f1aduras de corcho de calidad superior en algunos modelos.<\/li>\n<li>Anzuelos espec\u00edficos del modelo colocados selectivamente seg\u00fan la t\u00e9cnica.<\/li>\n<li>Sellador monocapa en blanco con acabado de curado lento.<\/li>\n<li>Dos capas de acabado de curado lento Flex-Coat en las gu\u00edas.<\/li>\n<li>Garant\u00eda transferible de 15 a\u00f1os respaldada por St. Croix Superstar Service.<\/li>\n<li>Dise\u00f1ado y fabricado a mano en Park Falls, EE.UU.<\/li>\n<\/ul>\n","protected":false},"excerpt":{"rendered":"<p><strong>St. Croix<\/strong><\/p>\n<p>SCIV+ CARBON FIBER<\/p>\n","protected":false},"featured_media":13746,"comment_status":"closed","ping_status":"closed","template":"","meta":{"_acf_changed":false,"site-sidebar-layout":"default","site-content-layout":"","ast-site-content-layout":"default","site-content-style":"default","site-sidebar-style":"default","ast-global-header-display":"","ast-banner-title-visibility":"","ast-main-header-display":"","ast-hfb-above-header-display":"","ast-hfb-below-header-display":"","ast-hfb-mobile-header-display":"","site-post-title":"","ast-breadcrumbs-content":"","ast-featured-img":"","footer-sml-layout":"","theme-transparent-header-meta":"default","adv-header-id-meta":"","stick-header-meta":"","header-above-stick-meta":"","header-main-stick-meta":"","header-below-stick-meta":"","astra-migrate-meta-layouts":"default","ast-page-background-enabled":"default","ast-page-background-meta":{"desktop":{"background-color":"","background-image":"","background-repeat":"repeat","background-position":"center center","background-size":"auto","background-attachment":"scroll","background-type":"","background-media":"","overlay-type":"","overlay-color":"","overlay-opacity":"","overlay-gradient":""},"tablet":{"background-color":"","background-image":"","background-repeat":"repeat","background-position":"center center","background-size":"auto","background-attachment":"scroll","background-type":"","background-media":"","overlay-type":"","overlay-color":"","overlay-opacity":"","overlay-gradient":""},"mobile":{"background-color":"","background-image":"","background-repeat":"repeat","background-position":"center center","background-size":"auto","background-attachment":"scroll","background-type":"","background-media":"","overlay-type":"","overlay-color":"","overlay-opacity":"","overlay-gradient":""}},"ast-content-background-meta":{"desktop":{"background-color":"var(--ast-global-color-5)","background-image":"","background-repeat":"repeat","background-position":"center center","background-size":"auto","background-attachment":"scroll","background-type":"","background-media":"","overlay-type":"","overlay-color":"","overlay-opacity":"","overlay-gradient":""},"tablet":{"background-color":"var(--ast-global-color-5)","background-image":"","background-repeat":"repeat","background-position":"center center","background-size":"auto","background-attachment":"scroll","background-type":"","background-media":"","overlay-type":"","overlay-color":"","overlay-opacity":"","overlay-gradient":""},"mobile":{"background-color":"var(--ast-global-color-5)","background-image":"","background-repeat":"repeat","background-position":"center center","background-size":"auto","background-attachment":"scroll","background-type":"","background-media":"","overlay-type":"","overlay-color":"","overlay-opacity":"","overlay-gradient":""}}},"product_cat":[711,868],"product_tag":[],"class_list":{"0":"post-14200","1":"product","2":"type-product","3":"status-publish","4":"has-post-thumbnail","6":"product_cat-sub_categoria","7":"product_cat-canas-de-spinning","8":"yith_product_brand-st-croix-es","9":"desktop-align-left","10":"tablet-align-left","11":"mobile-align-center","13":"first","14":"instock","15":"sale","16":"shipping-taxable","17":"purchasable","18":"product-type-simple"},"acf":[],"_links":{"self":[{"href":"https:\/\/www.doubledigitstore.com\/es\/wp-json\/wp\/v2\/product\/14200","targetHints":{"allow":["GET"]}}],"collection":[{"href":"https:\/\/www.doubledigitstore.com\/es\/wp-json\/wp\/v2\/product"}],"about":[{"href":"https:\/\/www.doubledigitstore.com\/es\/wp-json\/wp\/v2\/types\/product"}],"replies":[{"embeddable":true,"href":"https:\/\/www.doubledigitstore.com\/es\/wp-json\/wp\/v2\/comments?post=14200"}],"version-history":[{"count":0,"href":"https:\/\/www.doubledigitstore.com\/es\/wp-json\/wp\/v2\/product\/14200\/revisions"}],"wp:featuredmedia":[{"embeddable":true,"href":"https:\/\/www.doubledigitstore.com\/es\/wp-json\/wp\/v2\/media\/13746"}],"wp:attachment":[{"href":"https:\/\/www.doubledigitstore.com\/es\/wp-json\/wp\/v2\/media?parent=14200"}],"wp:term":[{"taxonomy":"product_cat","embeddable":true,"href":"https:\/\/www.doubledigitstore.com\/es\/wp-json\/wp\/v2\/product_cat?post=14200"},{"taxonomy":"product_tag","embeddable":true,"href":"https:\/\/www.doubledigitstore.com\/es\/wp-json\/wp\/v2\/product_tag?post=14200"}],"curies":[{"name":"wp","href":"https:\/\/api.w.org\/{rel}","templated":true}]}}