{"id":14202,"date":"2024-08-20T11:32:49","date_gmt":"2024-08-20T09:32:49","guid":{"rendered":"https:\/\/www.doubledigitstore.com\/prodotto\/legend-x-casting\/"},"modified":"2024-08-20T11:32:49","modified_gmt":"2024-08-20T09:32:49","slug":"legend-x-casting","status":"publish","type":"product","link":"https:\/\/www.doubledigitstore.com\/es\/prodotto\/legend-x-casting\/","title":{"rendered":"Legend X Casting"},"content":{"rendered":"<p>Dise\u00f1adas y fabricadas a mano en Park Falls (EE.UU.), <strong>las ca\u00f1as de lanzar de la serie Legend X de St. Croix<\/strong> cuentan con una combinaci\u00f3n de tecnolog\u00edas avanzadas que proporcionan a los pescadores lo \u00faltimo en rendimiento para torneos. Las ca\u00f1as de lanzar de la serie Legend X de St. Croix, dise\u00f1adas con \u00e9nfasis en la ligereza, est\u00e1n fabricadas con un blank de grafito de m\u00f3dulo superalto con FRS en la secci\u00f3n inferior para conseguir la m\u00e1xima potencia y resistencia con un peso reducido. Utilizando la Tecnolog\u00eda de Refuerzo Avanzado (ART) de St. Croix, las ca\u00f1as de lanzar de la serie Legend X de St. Croix ofrecen una mayor resistencia sin aumentar pr\u00e1cticamente el di\u00e1metro ni el peso del blank. Los carretes de lanzado de la serie Legend X de St. Croix, que ofrecen una mejor acci\u00f3n y una mayor sensibilidad, est\u00e1n mejorados con un dise\u00f1o de blank de Tecnolog\u00eda de Mejora C\u00f3nica (TET) que da como resultado una mejor acci\u00f3n y m\u00e1s sensibilidad. Fabricadas con los mejores componentes, las ca\u00f1as de lanzar de la serie Legend X de St. Croix est\u00e1n construidas con portacarretes Fuji PTS blank-touch, gu\u00edas Fuji Torzite sin enredos con armaz\u00f3n de titanio y anzuelos Kigan de titanio. Cargadas de tecnolog\u00edas que mejoran el rendimiento y dise\u00f1adas con los mejores componentes imaginables, las ca\u00f1as de la serie Legend X de St. Croix ofrecen a los pescadores de competici\u00f3n todo lo que necesitan, y mucho m\u00e1s.<\/p>\n","protected":false},"excerpt":{"rendered":"<p><strong>St. Croix<\/strong><\/p>\n<p>1 Model<\/p>\n","protected":false},"featured_media":14085,"comment_status":"closed","ping_status":"closed","template":"","meta":{"_acf_changed":false,"site-sidebar-layout":"default","site-content-layout":"","ast-site-content-layout":"default","site-content-style":"default","site-sidebar-style":"default","ast-global-header-display":"","ast-banner-title-visibility":"","ast-main-header-display":"","ast-hfb-above-header-display":"","ast-hfb-below-header-display":"","ast-hfb-mobile-header-display":"","site-post-title":"","ast-breadcrumbs-content":"","ast-featured-img":"","footer-sml-layout":"","theme-transparent-header-meta":"default","adv-header-id-meta":"","stick-header-meta":"","header-above-stick-meta":"","header-main-stick-meta":"","header-below-stick-meta":"","astra-migrate-meta-layouts":"default","ast-page-background-enabled":"default","ast-page-background-meta":{"desktop":{"background-color":"","background-image":"","background-repeat":"repeat","background-position":"center center","background-size":"auto","background-attachment":"scroll","background-type":"","background-media":"","overlay-type":"","overlay-color":"","overlay-opacity":"","overlay-gradient":""},"tablet":{"background-color":"","background-image":"","background-repeat":"repeat","background-position":"center center","background-size":"auto","background-attachment":"scroll","background-type":"","background-media":"","overlay-type":"","overlay-color":"","overlay-opacity":"","overlay-gradient":""},"mobile":{"background-color":"","background-image":"","background-repeat":"repeat","background-position":"center center","background-size":"auto","background-attachment":"scroll","background-type":"","background-media":"","overlay-type":"","overlay-color":"","overlay-opacity":"","overlay-gradient":""}},"ast-content-background-meta":{"desktop":{"background-color":"var(--ast-global-color-5)","background-image":"","background-repeat":"repeat","background-position":"center center","background-size":"auto","background-attachment":"scroll","background-type":"","background-media":"","overlay-type":"","overlay-color":"","overlay-opacity":"","overlay-gradient":""},"tablet":{"background-color":"var(--ast-global-color-5)","background-image":"","background-repeat":"repeat","background-position":"center center","background-size":"auto","background-attachment":"scroll","background-type":"","background-media":"","overlay-type":"","overlay-color":"","overlay-opacity":"","overlay-gradient":""},"mobile":{"background-color":"var(--ast-global-color-5)","background-image":"","background-repeat":"repeat","background-position":"center center","background-size":"auto","background-attachment":"scroll","background-type":"","background-media":"","overlay-type":"","overlay-color":"","overlay-opacity":"","overlay-gradient":""}}},"product_cat":[711,870],"product_tag":[],"class_list":{"0":"post-14202","1":"product","2":"type-product","3":"status-publish","4":"has-post-thumbnail","6":"product_cat-sub_categoria","7":"product_cat-canas-de-casting","8":"yith_product_brand-st-croix-es","9":"desktop-align-left","10":"tablet-align-left","11":"mobile-align-center","13":"first","14":"instock","15":"sale","16":"shipping-taxable","17":"purchasable","18":"product-type-simple"},"acf":[],"_links":{"self":[{"href":"https:\/\/www.doubledigitstore.com\/es\/wp-json\/wp\/v2\/product\/14202","targetHints":{"allow":["GET"]}}],"collection":[{"href":"https:\/\/www.doubledigitstore.com\/es\/wp-json\/wp\/v2\/product"}],"about":[{"href":"https:\/\/www.doubledigitstore.com\/es\/wp-json\/wp\/v2\/types\/product"}],"replies":[{"embeddable":true,"href":"https:\/\/www.doubledigitstore.com\/es\/wp-json\/wp\/v2\/comments?post=14202"}],"version-history":[{"count":0,"href":"https:\/\/www.doubledigitstore.com\/es\/wp-json\/wp\/v2\/product\/14202\/revisions"}],"wp:featuredmedia":[{"embeddable":true,"href":"https:\/\/www.doubledigitstore.com\/es\/wp-json\/wp\/v2\/media\/14085"}],"wp:attachment":[{"href":"https:\/\/www.doubledigitstore.com\/es\/wp-json\/wp\/v2\/media?parent=14202"}],"wp:term":[{"taxonomy":"product_cat","embeddable":true,"href":"https:\/\/www.doubledigitstore.com\/es\/wp-json\/wp\/v2\/product_cat?post=14202"},{"taxonomy":"product_tag","embeddable":true,"href":"https:\/\/www.doubledigitstore.com\/es\/wp-json\/wp\/v2\/product_tag?post=14202"}],"curies":[{"name":"wp","href":"https:\/\/api.w.org\/{rel}","templated":true}]}}