{"id":14206,"date":"2024-08-20T13:35:35","date_gmt":"2024-08-20T11:35:35","guid":{"rendered":"https:\/\/www.doubledigitstore.com\/prodotto\/physyx-casting\/"},"modified":"2024-08-20T13:35:35","modified_gmt":"2024-08-20T11:35:35","slug":"physyx-casting","status":"publish","type":"product","link":"https:\/\/www.doubledigitstore.com\/es\/prodotto\/physyx-casting\/","title":{"rendered":"Physyx Casting"},"content":{"rendered":"<p>Croix Physyx cuentan con un material primario de fibra de carbono SCIV+ y cristal SCIV+ iAct para lograr una combinaci\u00f3n ganadora de resistencia y sensibilidad inigualables. Las gu\u00edas de carburo de silicio con armaz\u00f3n de titanio garantizan la durabilidad y la fluidez del sedal, y te permiten clavar los lances m\u00e1s t\u00e9cnicos con facilidad. El portacarretes de fibra de carbono y la tuerca de aluminio proporcionan una base ligera pero robusta, y la empu\u00f1adura Trigon, con un perfil triangular \u00fanico, mejora el control al tiempo que reduce la fatiga. Gracias a la Tecnolog\u00eda Poly Curve Integrada (IPC), las ca\u00f1as de pescar Physyx ofrecen acciones m\u00e1s suaves, mayor resistencia y mayor conexi\u00f3n con tu cebo, incluso cuando pescas con t\u00e9cnicas especializadas. Con la Tecnolog\u00eda de Mejora C\u00f3nica (TET), el Sistema de Resina Fortificada (FRS) y la Tecnolog\u00eda Avanzada de Refuerzo (ART), los pescadores disfrutar\u00e1n de una resistencia 10 veces mayor sin comprometer el peso. Respaldadas por una garant\u00eda de 15 a\u00f1os, las ca\u00f1as de lanzar de la serie Physyx de St. Croix son la clave para dominar a la competencia, orgullosamente fabricadas en EE.UU. &#8211; En bruto: Material primario de fibra de carbono SCIV+ y cristal SCIV+ iAct &#8211; Gu\u00edas: Gu\u00edas de carburo de silicio con armaz\u00f3n de titanio &#8211; Portacarretes: Fibra de carbono y tuerca de aluminio &#8211; Empu\u00f1adura: Fibra de carbono y material acentuado TPU de alta sensibilidad al tacto &#8211; Tecnolog\u00eda Poly Curve Integrada (IPC) &#8211; Tecnolog\u00eda de Refuerzo Avanzada (ART) &#8211; Tecnolog\u00eda de Mejora C\u00f3nica (TET) &#8211; Sistema de Resina Fortificada (FRS)<\/p>\n","protected":false},"excerpt":{"rendered":"<p><strong>St. Croix<\/strong><\/p>\n<p>3 Modelos<\/p>\n","protected":false},"featured_media":14040,"comment_status":"closed","ping_status":"closed","template":"","meta":{"_acf_changed":false,"site-sidebar-layout":"default","site-content-layout":"","ast-site-content-layout":"default","site-content-style":"default","site-sidebar-style":"default","ast-global-header-display":"","ast-banner-title-visibility":"","ast-main-header-display":"","ast-hfb-above-header-display":"","ast-hfb-below-header-display":"","ast-hfb-mobile-header-display":"","site-post-title":"","ast-breadcrumbs-content":"","ast-featured-img":"","footer-sml-layout":"","theme-transparent-header-meta":"default","adv-header-id-meta":"","stick-header-meta":"","header-above-stick-meta":"","header-main-stick-meta":"","header-below-stick-meta":"","astra-migrate-meta-layouts":"default","ast-page-background-enabled":"default","ast-page-background-meta":{"desktop":{"background-color":"","background-image":"","background-repeat":"repeat","background-position":"center center","background-size":"auto","background-attachment":"scroll","background-type":"","background-media":"","overlay-type":"","overlay-color":"","overlay-opacity":"","overlay-gradient":""},"tablet":{"background-color":"","background-image":"","background-repeat":"repeat","background-position":"center center","background-size":"auto","background-attachment":"scroll","background-type":"","background-media":"","overlay-type":"","overlay-color":"","overlay-opacity":"","overlay-gradient":""},"mobile":{"background-color":"","background-image":"","background-repeat":"repeat","background-position":"center center","background-size":"auto","background-attachment":"scroll","background-type":"","background-media":"","overlay-type":"","overlay-color":"","overlay-opacity":"","overlay-gradient":""}},"ast-content-background-meta":{"desktop":{"background-color":"var(--ast-global-color-5)","background-image":"","background-repeat":"repeat","background-position":"center center","background-size":"auto","background-attachment":"scroll","background-type":"","background-media":"","overlay-type":"","overlay-color":"","overlay-opacity":"","overlay-gradient":""},"tablet":{"background-color":"var(--ast-global-color-5)","background-image":"","background-repeat":"repeat","background-position":"center center","background-size":"auto","background-attachment":"scroll","background-type":"","background-media":"","overlay-type":"","overlay-color":"","overlay-opacity":"","overlay-gradient":""},"mobile":{"background-color":"var(--ast-global-color-5)","background-image":"","background-repeat":"repeat","background-position":"center center","background-size":"auto","background-attachment":"scroll","background-type":"","background-media":"","overlay-type":"","overlay-color":"","overlay-opacity":"","overlay-gradient":""}}},"product_cat":[711,870],"product_tag":[],"class_list":{"0":"post-14206","1":"product","2":"type-product","3":"status-publish","4":"has-post-thumbnail","6":"product_cat-sub_categoria","7":"product_cat-canas-de-casting","8":"yith_product_brand-st-croix-es","9":"desktop-align-left","10":"tablet-align-left","11":"mobile-align-center","13":"first","14":"instock","15":"shipping-taxable","16":"purchasable","17":"product-type-simple"},"acf":[],"_links":{"self":[{"href":"https:\/\/www.doubledigitstore.com\/es\/wp-json\/wp\/v2\/product\/14206","targetHints":{"allow":["GET"]}}],"collection":[{"href":"https:\/\/www.doubledigitstore.com\/es\/wp-json\/wp\/v2\/product"}],"about":[{"href":"https:\/\/www.doubledigitstore.com\/es\/wp-json\/wp\/v2\/types\/product"}],"replies":[{"embeddable":true,"href":"https:\/\/www.doubledigitstore.com\/es\/wp-json\/wp\/v2\/comments?post=14206"}],"version-history":[{"count":0,"href":"https:\/\/www.doubledigitstore.com\/es\/wp-json\/wp\/v2\/product\/14206\/revisions"}],"wp:featuredmedia":[{"embeddable":true,"href":"https:\/\/www.doubledigitstore.com\/es\/wp-json\/wp\/v2\/media\/14040"}],"wp:attachment":[{"href":"https:\/\/www.doubledigitstore.com\/es\/wp-json\/wp\/v2\/media?parent=14206"}],"wp:term":[{"taxonomy":"product_cat","embeddable":true,"href":"https:\/\/www.doubledigitstore.com\/es\/wp-json\/wp\/v2\/product_cat?post=14206"},{"taxonomy":"product_tag","embeddable":true,"href":"https:\/\/www.doubledigitstore.com\/es\/wp-json\/wp\/v2\/product_tag?post=14206"}],"curies":[{"name":"wp","href":"https:\/\/api.w.org\/{rel}","templated":true}]}}