{"id":14219,"date":"2023-03-24T00:13:50","date_gmt":"2023-03-23T23:13:50","guid":{"rendered":"https:\/\/www.doubledigitstore.com\/prodotto\/g-blade\/"},"modified":"2023-03-24T00:13:50","modified_gmt":"2023-03-23T23:13:50","slug":"g-blade","status":"publish","type":"product","link":"https:\/\/www.doubledigitstore.com\/es\/prodotto\/g-blade\/","title":{"rendered":"G-Blade"},"content":{"rendered":"<p>La G-Blade de Geecrack ha sido concebida precisamente de forma hiperespecialista, \u00a1con particularidades que parecen haber sido dise\u00f1adas especialmente para el mercado italiano! La primera y m\u00e1s evidente elecci\u00f3n de campo es montar \u00fanicamente el cabezal de doble sauce y estar disponible s\u00f3lo en dos tama\u00f1os: 1\/2oz y 3\/8oz. Pero vayamos a las caracter\u00edsticas principales de la G-Blade: en primer lugar, la actitud de ca\u00edda, que se mantiene perfectamente vertical, con las palas empezando a parpadear incluso en ausencia de recuperaci\u00f3n. Esta peculiaridad, posible gracias a un equilibrio perfecto entre tama\u00f1o y rigidez de la armadura de acero, confiere a esta spinnerbait Geecrack una doble posibilidad de uso: tanto con la cl\u00e1sica recuperaci\u00f3n inmediata para las lubinas que se estacionan m\u00e1s cerca de la superficie y tienden a ser m\u00e1s activas , que la posibilidad de hacerla descender, incluso dentro de estructuras, para ir a atraer a los peces estacionados en franjas de aguas m\u00e1s profundas. Tambi\u00e9n hay que destacar peque\u00f1os detalles que s\u00f3lo poseen las spinnerbaits de gama alta como la G-Blade, como la soldadura del ojal que cierra el labio inferior, el giratorio con rodamiento conectado a \u00e9ste y el acabado de la cabeza.<\/p>\n","protected":false},"excerpt":{"rendered":"<p><strong>Geecrack<\/strong><\/p>\n<p>12 Colores<\/p>\n","protected":false},"featured_media":12231,"comment_status":"closed","ping_status":"closed","template":"","meta":{"_acf_changed":false,"site-sidebar-layout":"default","site-content-layout":"default","ast-site-content-layout":"default","site-content-style":"default","site-sidebar-style":"default","ast-global-header-display":"","ast-banner-title-visibility":"","ast-main-header-display":"","ast-hfb-above-header-display":"","ast-hfb-below-header-display":"","ast-hfb-mobile-header-display":"","site-post-title":"","ast-breadcrumbs-content":"","ast-featured-img":"","footer-sml-layout":"","theme-transparent-header-meta":"default","adv-header-id-meta":"","stick-header-meta":"","header-above-stick-meta":"","header-main-stick-meta":"","header-below-stick-meta":"","astra-migrate-meta-layouts":"default","ast-page-background-enabled":"default","ast-page-background-meta":{"desktop":{"background-color":"","background-image":"","background-repeat":"repeat","background-position":"center center","background-size":"auto","background-attachment":"scroll","background-type":"","background-media":"","overlay-type":"","overlay-color":"","overlay-opacity":"","overlay-gradient":""},"tablet":{"background-color":"","background-image":"","background-repeat":"repeat","background-position":"center center","background-size":"auto","background-attachment":"scroll","background-type":"","background-media":"","overlay-type":"","overlay-color":"","overlay-opacity":"","overlay-gradient":""},"mobile":{"background-color":"","background-image":"","background-repeat":"repeat","background-position":"center center","background-size":"auto","background-attachment":"scroll","background-type":"","background-media":"","overlay-type":"","overlay-color":"","overlay-opacity":"","overlay-gradient":""}},"ast-content-background-meta":{"desktop":{"background-color":"var(--ast-global-color-5)","background-image":"","background-repeat":"repeat","background-position":"center center","background-size":"auto","background-attachment":"scroll","background-type":"","background-media":"","overlay-type":"","overlay-color":"","overlay-opacity":"","overlay-gradient":""},"tablet":{"background-color":"var(--ast-global-color-5)","background-image":"","background-repeat":"repeat","background-position":"center center","background-size":"auto","background-attachment":"scroll","background-type":"","background-media":"","overlay-type":"","overlay-color":"","overlay-opacity":"","overlay-gradient":""},"mobile":{"background-color":"var(--ast-global-color-5)","background-image":"","background-repeat":"repeat","background-position":"center center","background-size":"auto","background-attachment":"scroll","background-type":"","background-media":"","overlay-type":"","overlay-color":"","overlay-opacity":"","overlay-gradient":""}}},"product_cat":[1074,1082,711],"product_tag":[],"class_list":{"0":"post-14219","1":"product","2":"type-product","3":"status-publish","4":"has-post-thumbnail","6":"product_cat-descuento","7":"product_cat-spinnerbaits-es","8":"product_cat-sub_categoria","9":"yith_product_brand-geecrack-es","10":"desktop-align-left","11":"tablet-align-left","12":"mobile-align-center","14":"first","15":"instock","16":"shipping-taxable","17":"purchasable","18":"product-type-simple"},"acf":[],"_links":{"self":[{"href":"https:\/\/www.doubledigitstore.com\/es\/wp-json\/wp\/v2\/product\/14219","targetHints":{"allow":["GET"]}}],"collection":[{"href":"https:\/\/www.doubledigitstore.com\/es\/wp-json\/wp\/v2\/product"}],"about":[{"href":"https:\/\/www.doubledigitstore.com\/es\/wp-json\/wp\/v2\/types\/product"}],"replies":[{"embeddable":true,"href":"https:\/\/www.doubledigitstore.com\/es\/wp-json\/wp\/v2\/comments?post=14219"}],"version-history":[{"count":0,"href":"https:\/\/www.doubledigitstore.com\/es\/wp-json\/wp\/v2\/product\/14219\/revisions"}],"wp:featuredmedia":[{"embeddable":true,"href":"https:\/\/www.doubledigitstore.com\/es\/wp-json\/wp\/v2\/media\/12231"}],"wp:attachment":[{"href":"https:\/\/www.doubledigitstore.com\/es\/wp-json\/wp\/v2\/media?parent=14219"}],"wp:term":[{"taxonomy":"product_cat","embeddable":true,"href":"https:\/\/www.doubledigitstore.com\/es\/wp-json\/wp\/v2\/product_cat?post=14219"},{"taxonomy":"product_tag","embeddable":true,"href":"https:\/\/www.doubledigitstore.com\/es\/wp-json\/wp\/v2\/product_tag?post=14219"}],"curies":[{"name":"wp","href":"https:\/\/api.w.org\/{rel}","templated":true}]}}