{"id":14231,"date":"2023-03-17T12:24:24","date_gmt":"2023-03-17T11:24:24","guid":{"rendered":"https:\/\/www.doubledigitstore.com\/prodotto\/jointed-claw-shift-183\/"},"modified":"2024-10-28T17:45:38","modified_gmt":"2024-10-28T16:45:38","slug":"jointed-claw-shift-183","status":"publish","type":"product","link":"https:\/\/www.doubledigitstore.com\/es\/prodotto\/jointed-claw-shift-183\/","title":{"rendered":"Jointed Claw Shift 183"},"content":{"rendered":"<p>Basado en el original Jointed Claw, de eficacia probada en grandes lubinas, que puso a Gan Craft en el mapa, el Gan Craft Jointed Claw Shift 183 Glide Bait presenta ahora un dise\u00f1o multiarticulado y una acci\u00f3n totalmente nueva que impresionar\u00e1 a los entusiastas de los swimbaits de todos los niveles. Para dar al bass un aspecto nuevo y excitante, a la vez que proporciona a los pescadores opciones de recuperaci\u00f3n ampliadas, el Shift 183 incluye ahora una segunda articulaci\u00f3n cerca del extremo de la cola que mejora la acci\u00f3n a velocidades de recuperaci\u00f3n m\u00e1s r\u00e1pidas. Los pescadores de grandes cebos seguir\u00e1n deleit\u00e1ndose con el tentador y suave patr\u00f3n de nataci\u00f3n en &#8220;S&#8221; del planeador cuando lleven lentamente el cebo de vuelta a la barca, pero ahora tendr\u00e1n la posibilidad de impartir una acci\u00f3n de nataci\u00f3n apretada y palpitante con una recuperaci\u00f3n r\u00e1pida que el modelo 178 original no est\u00e1 dise\u00f1ado para conseguir. Adem\u00e1s de su inconfundible acci\u00f3n natatoria, el Gan Craft Jointed Claw Shift 183 Glide Bait tambi\u00e9n incorpora componentes de primera calidad, as\u00ed como un acabado hipnotizadoramente detallado. Nada m\u00e1s sacarlo del paquete, los pescadores ser\u00e1n recibidos con unos anzuelos triples de afilado pegajoso, capaces de domar a los monstruos de su lago, y unas conexiones articuladas ultrarresistentes que no fallar\u00e1n cuando haya un trofeo al final del sedal. El Gan Craft Jointed Claw Shift 183 Glide Bait, que proporciona una acci\u00f3n natatoria de primera clase que est\u00e1 llamando la atenci\u00f3n en todo el mundo, ya est\u00e1 disponible en Estados Unidos para que los pescadores puedan asaltar sus aguas natales en busca de gigantes inolvidables.<\/p>\n","protected":false},"excerpt":{"rendered":"<p><strong>Gan Craft<\/strong><\/p>\n<p>5 Colores<\/p>\n","protected":false},"featured_media":12246,"comment_status":"closed","ping_status":"closed","template":"","meta":{"_acf_changed":false,"site-sidebar-layout":"default","site-content-layout":"default","ast-site-content-layout":"default","site-content-style":"default","site-sidebar-style":"default","ast-global-header-display":"","ast-banner-title-visibility":"","ast-main-header-display":"","ast-hfb-above-header-display":"","ast-hfb-below-header-display":"","ast-hfb-mobile-header-display":"","site-post-title":"","ast-breadcrumbs-content":"","ast-featured-img":"","footer-sml-layout":"","theme-transparent-header-meta":"default","adv-header-id-meta":"","stick-header-meta":"","header-above-stick-meta":"","header-main-stick-meta":"","header-below-stick-meta":"","astra-migrate-meta-layouts":"default","ast-page-background-enabled":"default","ast-page-background-meta":{"desktop":{"background-color":"","background-image":"","background-repeat":"repeat","background-position":"center center","background-size":"auto","background-attachment":"scroll","background-type":"","background-media":"","overlay-type":"","overlay-color":"","overlay-opacity":"","overlay-gradient":""},"tablet":{"background-color":"","background-image":"","background-repeat":"repeat","background-position":"center center","background-size":"auto","background-attachment":"scroll","background-type":"","background-media":"","overlay-type":"","overlay-color":"","overlay-opacity":"","overlay-gradient":""},"mobile":{"background-color":"","background-image":"","background-repeat":"repeat","background-position":"center center","background-size":"auto","background-attachment":"scroll","background-type":"","background-media":"","overlay-type":"","overlay-color":"","overlay-opacity":"","overlay-gradient":""}},"ast-content-background-meta":{"desktop":{"background-color":"var(--ast-global-color-5)","background-image":"","background-repeat":"repeat","background-position":"center center","background-size":"auto","background-attachment":"scroll","background-type":"","background-media":"","overlay-type":"","overlay-color":"","overlay-opacity":"","overlay-gradient":""},"tablet":{"background-color":"var(--ast-global-color-5)","background-image":"","background-repeat":"repeat","background-position":"center center","background-size":"auto","background-attachment":"scroll","background-type":"","background-media":"","overlay-type":"","overlay-color":"","overlay-opacity":"","overlay-gradient":""},"mobile":{"background-color":"var(--ast-global-color-5)","background-image":"","background-repeat":"repeat","background-position":"center center","background-size":"auto","background-attachment":"scroll","background-type":"","background-media":"","overlay-type":"","overlay-color":"","overlay-opacity":"","overlay-gradient":""}}},"product_cat":[1091,1087,711],"product_tag":[],"class_list":{"0":"post-14231","1":"product","2":"type-product","3":"status-publish","4":"has-post-thumbnail","6":"product_cat-baits-es","7":"product_cat-hard-swimbaits-es","8":"product_cat-sub_categoria","9":"yith_product_brand-gan-craft-es","10":"desktop-align-left","11":"tablet-align-left","12":"mobile-align-center","14":"first","15":"instock","16":"sale","17":"shipping-taxable","18":"purchasable","19":"product-type-simple"},"acf":[],"_links":{"self":[{"href":"https:\/\/www.doubledigitstore.com\/es\/wp-json\/wp\/v2\/product\/14231","targetHints":{"allow":["GET"]}}],"collection":[{"href":"https:\/\/www.doubledigitstore.com\/es\/wp-json\/wp\/v2\/product"}],"about":[{"href":"https:\/\/www.doubledigitstore.com\/es\/wp-json\/wp\/v2\/types\/product"}],"replies":[{"embeddable":true,"href":"https:\/\/www.doubledigitstore.com\/es\/wp-json\/wp\/v2\/comments?post=14231"}],"version-history":[{"count":1,"href":"https:\/\/www.doubledigitstore.com\/es\/wp-json\/wp\/v2\/product\/14231\/revisions"}],"predecessor-version":[{"id":14232,"href":"https:\/\/www.doubledigitstore.com\/es\/wp-json\/wp\/v2\/product\/14231\/revisions\/14232"}],"wp:featuredmedia":[{"embeddable":true,"href":"https:\/\/www.doubledigitstore.com\/es\/wp-json\/wp\/v2\/media\/12246"}],"wp:attachment":[{"href":"https:\/\/www.doubledigitstore.com\/es\/wp-json\/wp\/v2\/media?parent=14231"}],"wp:term":[{"taxonomy":"product_cat","embeddable":true,"href":"https:\/\/www.doubledigitstore.com\/es\/wp-json\/wp\/v2\/product_cat?post=14231"},{"taxonomy":"product_tag","embeddable":true,"href":"https:\/\/www.doubledigitstore.com\/es\/wp-json\/wp\/v2\/product_tag?post=14231"}],"curies":[{"name":"wp","href":"https:\/\/api.w.org\/{rel}","templated":true}]}}