{"id":14734,"date":"2025-11-17T19:26:13","date_gmt":"2025-11-17T18:26:13","guid":{"rendered":"https:\/\/www.doubledigitstore.com\/?post_type=product&#038;p=14734"},"modified":"2026-03-10T18:03:21","modified_gmt":"2026-03-10T17:03:21","slug":"bubba-pro-series-smart-fish-scale","status":"publish","type":"product","link":"https:\/\/www.doubledigitstore.com\/es\/prodotto\/bubba-pro-series-smart-fish-scale\/","title":{"rendered":"Bubba Pro Series Smart Fish Scale"},"content":{"rendered":"<p>La b\u00e1scula de pescado perfecta tanto para el aficionado como para el pescador de torneos competitivos, la\u00a0<strong>b\u00e1scula de pescado inteligente de la serie Bubba Pro<\/strong>\u00a0est\u00e1 construida con el ic\u00f3nico agarre antideslizante de Bubba y 60 lbs de capacidad de peso con la mejor precisi\u00f3n de su clase de +\/- 0.3%. Con tres modos de pesaje diferentes con sus propias caracter\u00edsticas y capacidades, la b\u00e1scula Bubba Pro Smart Series proporciona gesti\u00f3n de pozos vivos para hasta ocho peces, le permite competir con amigos en un dispositivo y ofrece un sacrificio inteligente con datos autom\u00e1ticos para el peso total de la bolsa. El modo Torneo almacena y almacena hasta ocho pesos totales de peces, el modo Competitivo almacena pesos de bolsas para cuatro pescadores separados y el modo Rally almacena hasta 99 pesos de peces con el peso total de tu bolsa cuando pescas solo.<\/p>\n<p>Alimentada por una bater\u00eda de litio recargable o bater\u00edas alcalinas AA, cada b\u00e1scula cuenta con una pantalla brillante que muestra los pesos de los peces en color e incluye una aplicaci\u00f3n m\u00f3vil con capacidades Bluetooth y una membres\u00eda de aplicaci\u00f3n profesional de 2 a\u00f1os. Completa con un estuche de transporte impermeable para una protecci\u00f3n extrema contra los elementos, la b\u00e1scula inteligente para peces de la serie Bubba Pro est\u00e1 equipada con un clip de labio y un accesorio de gancho de enmalle que facilita el registro preciso de los pesos de los peces mientras est\u00e1 en el agua.<\/p>\n<p>&#8211; Bubba Iconic Empu\u00f1adura<br \/>\nantideslizante- Pantalla<br \/>\ndigital a color- Dise\u00f1o<br \/>\nimpermeable- Capacidad<br \/>\nde peso de 60 libras- Modos<br \/>\nde pesaje para torneos, competitivos y rallyes- Estuche<br \/>\nde transporte impermeable IPX7- Clip para labios y gancho de enmalle incluidos<br \/>\n&#8211; Membres\u00eda<br \/>\nde la aplicaci\u00f3n Pro de 2 a\u00f1os- Bater\u00eda<br \/>\nrecargable alimentada por litio- Pilas AA no incluidas-Todas<br \/>\nlas garant\u00edas deben pasar directamente por Bubba<\/p>\n","protected":false},"excerpt":{"rendered":"<p>La b\u00e1scula de pescado perfecta tanto para el aficionado como para el pescador de torneos competitivos, la\u00a0b\u00e1scula de pescado inteligente de la serie Bubba Pro\u00a0est\u00e1 construida con el ic\u00f3nico agarre antideslizante de Bubba y 60 lbs de capacidad de peso con la mejor precisi\u00f3n de su clase de +\/- 0.3%. Con tres modos de pesaje [&hellip;]<\/p>\n","protected":false},"featured_media":14735,"comment_status":"closed","ping_status":"closed","template":"","meta":{"_acf_changed":false,"site-sidebar-layout":"default","site-content-layout":"","ast-site-content-layout":"default","site-content-style":"default","site-sidebar-style":"default","ast-global-header-display":"","ast-banner-title-visibility":"","ast-main-header-display":"","ast-hfb-above-header-display":"","ast-hfb-below-header-display":"","ast-hfb-mobile-header-display":"","site-post-title":"","ast-breadcrumbs-content":"","ast-featured-img":"","footer-sml-layout":"","theme-transparent-header-meta":"default","adv-header-id-meta":"","stick-header-meta":"","header-above-stick-meta":"","header-main-stick-meta":"","header-below-stick-meta":"","astra-migrate-meta-layouts":"set","ast-page-background-enabled":"default","ast-page-background-meta":{"desktop":{"background-color":"","background-image":"","background-repeat":"repeat","background-position":"center center","background-size":"auto","background-attachment":"scroll","background-type":"","background-media":"","overlay-type":"","overlay-color":"","overlay-opacity":"","overlay-gradient":""},"tablet":{"background-color":"","background-image":"","background-repeat":"repeat","background-position":"center center","background-size":"auto","background-attachment":"scroll","background-type":"","background-media":"","overlay-type":"","overlay-color":"","overlay-opacity":"","overlay-gradient":""},"mobile":{"background-color":"","background-image":"","background-repeat":"repeat","background-position":"center center","background-size":"auto","background-attachment":"scroll","background-type":"","background-media":"","overlay-type":"","overlay-color":"","overlay-opacity":"","overlay-gradient":""}},"ast-content-background-meta":{"desktop":{"background-color":"var(--ast-global-color-5)","background-image":"","background-repeat":"repeat","background-position":"center center","background-size":"auto","background-attachment":"scroll","background-type":"","background-media":"","overlay-type":"","overlay-color":"","overlay-opacity":"","overlay-gradient":""},"tablet":{"background-color":"var(--ast-global-color-5)","background-image":"","background-repeat":"repeat","background-position":"center center","background-size":"auto","background-attachment":"scroll","background-type":"","background-media":"","overlay-type":"","overlay-color":"","overlay-opacity":"","overlay-gradient":""},"mobile":{"background-color":"var(--ast-global-color-5)","background-image":"","background-repeat":"repeat","background-position":"center center","background-size":"auto","background-attachment":"scroll","background-type":"","background-media":"","overlay-type":"","overlay-color":"","overlay-opacity":"","overlay-gradient":""}}},"product_cat":[137,152],"product_tag":[],"class_list":{"0":"post-14734","1":"product","2":"type-product","3":"status-publish","4":"has-post-thumbnail","6":"product_cat-accessories","7":"product_cat-under_category","8":"yith_product_brand-bubba","9":"desktop-align-left","10":"tablet-align-left","11":"mobile-align-center","13":"first","14":"instock","15":"shipping-taxable","16":"purchasable","17":"product-type-simple"},"acf":[],"_links":{"self":[{"href":"https:\/\/www.doubledigitstore.com\/es\/wp-json\/wp\/v2\/product\/14734","targetHints":{"allow":["GET"]}}],"collection":[{"href":"https:\/\/www.doubledigitstore.com\/es\/wp-json\/wp\/v2\/product"}],"about":[{"href":"https:\/\/www.doubledigitstore.com\/es\/wp-json\/wp\/v2\/types\/product"}],"replies":[{"embeddable":true,"href":"https:\/\/www.doubledigitstore.com\/es\/wp-json\/wp\/v2\/comments?post=14734"}],"version-history":[{"count":1,"href":"https:\/\/www.doubledigitstore.com\/es\/wp-json\/wp\/v2\/product\/14734\/revisions"}],"predecessor-version":[{"id":14741,"href":"https:\/\/www.doubledigitstore.com\/es\/wp-json\/wp\/v2\/product\/14734\/revisions\/14741"}],"wp:featuredmedia":[{"embeddable":true,"href":"https:\/\/www.doubledigitstore.com\/es\/wp-json\/wp\/v2\/media\/14735"}],"wp:attachment":[{"href":"https:\/\/www.doubledigitstore.com\/es\/wp-json\/wp\/v2\/media?parent=14734"}],"wp:term":[{"taxonomy":"product_cat","embeddable":true,"href":"https:\/\/www.doubledigitstore.com\/es\/wp-json\/wp\/v2\/product_cat?post=14734"},{"taxonomy":"product_tag","embeddable":true,"href":"https:\/\/www.doubledigitstore.com\/es\/wp-json\/wp\/v2\/product_tag?post=14734"}],"curies":[{"name":"wp","href":"https:\/\/api.w.org\/{rel}","templated":true}]}}