{"id":14771,"date":"2025-11-17T19:48:08","date_gmt":"2025-11-17T18:48:08","guid":{"rendered":"https:\/\/www.doubledigitstore.com\/?post_type=product&#038;p=14771"},"modified":"2025-11-17T19:50:12","modified_gmt":"2025-11-17T18:50:12","slug":"bubba-micro-shears","status":"publish","type":"product","link":"https:\/\/www.doubledigitstore.com\/es\/prodotto\/bubba-micro-shears\/","title":{"rendered":"Bubba Micro Shears"},"content":{"rendered":"<p>Perfectas para cortar l\u00edneas de pesca mono, fluorocarbonadas y trenzadas,\u00a0<strong>las BUBBA Micro Shears<\/strong>\u00a0ofrecen una durabilidad duradera en un paquete compacto y ligero. Con un dise\u00f1o robusto de una sola pieza junto con cuchillas microdentadas recubiertas de nitruro de titanio, las BUBBA Micro Shears pueden soportar un trato duro mientras realizan cortes limpios de forma fiable una y otra vez. Los mangos antideslizantes proporcionan un agarre seguro con manos mojadas o, mientras que el cord\u00f3n de m\u00e1stil incluido mantiene las tijeras siempre al alcance. Dise\u00f1adas para superar a la competencia, las BUBBA Micro Shears son una soluci\u00f3n excepcional para cortar la l\u00ednea tanto para pescadores de agua dulce como salada.<\/p>\n<p>Funciones:<\/p>\n<p>&#8211; Corte mono, fluoro,<br \/>\ntrenzado &#8211; Dise\u00f1o<br \/>\nde una sola pieza &#8211; Cuchillas microserradas, recubiertas de nitruro<br \/>\nde titanio &#8211; Resistencia<br \/>\na la corrosi\u00f3n con clasificaci\u00f3n para agua salada &#8211; Cord\u00f3n de cuello y agarre<br \/>\nantideslizante &#8211; Gu\u00eda<br \/>\nde l\u00ednea integrada &#8211; 3,25&#8243; en total \/hoja de 1,25&#8243; \/ peso 26g<\/p>\n","protected":false},"excerpt":{"rendered":"<p>Perfectas para cortar l\u00edneas de pesca mono, fluorocarbonadas y trenzadas,\u00a0las BUBBA Micro Shears\u00a0ofrecen una durabilidad duradera en un paquete compacto y ligero. Con un dise\u00f1o robusto de una sola pieza junto con cuchillas microdentadas recubiertas de nitruro de titanio, las BUBBA Micro Shears pueden soportar un trato duro mientras realizan cortes limpios de forma fiable [&hellip;]<\/p>\n","protected":false},"featured_media":14775,"comment_status":"closed","ping_status":"closed","template":"","meta":{"_acf_changed":false,"site-sidebar-layout":"default","site-content-layout":"","ast-site-content-layout":"default","site-content-style":"default","site-sidebar-style":"default","ast-global-header-display":"","ast-banner-title-visibility":"","ast-main-header-display":"","ast-hfb-above-header-display":"","ast-hfb-below-header-display":"","ast-hfb-mobile-header-display":"","site-post-title":"","ast-breadcrumbs-content":"","ast-featured-img":"","footer-sml-layout":"","theme-transparent-header-meta":"default","adv-header-id-meta":"","stick-header-meta":"","header-above-stick-meta":"","header-main-stick-meta":"","header-below-stick-meta":"","astra-migrate-meta-layouts":"set","ast-page-background-enabled":"default","ast-page-background-meta":{"desktop":{"background-color":"","background-image":"","background-repeat":"repeat","background-position":"center center","background-size":"auto","background-attachment":"scroll","background-type":"","background-media":"","overlay-type":"","overlay-color":"","overlay-opacity":"","overlay-gradient":""},"tablet":{"background-color":"","background-image":"","background-repeat":"repeat","background-position":"center center","background-size":"auto","background-attachment":"scroll","background-type":"","background-media":"","overlay-type":"","overlay-color":"","overlay-opacity":"","overlay-gradient":""},"mobile":{"background-color":"","background-image":"","background-repeat":"repeat","background-position":"center center","background-size":"auto","background-attachment":"scroll","background-type":"","background-media":"","overlay-type":"","overlay-color":"","overlay-opacity":"","overlay-gradient":""}},"ast-content-background-meta":{"desktop":{"background-color":"var(--ast-global-color-5)","background-image":"","background-repeat":"repeat","background-position":"center center","background-size":"auto","background-attachment":"scroll","background-type":"","background-media":"","overlay-type":"","overlay-color":"","overlay-opacity":"","overlay-gradient":""},"tablet":{"background-color":"var(--ast-global-color-5)","background-image":"","background-repeat":"repeat","background-position":"center center","background-size":"auto","background-attachment":"scroll","background-type":"","background-media":"","overlay-type":"","overlay-color":"","overlay-opacity":"","overlay-gradient":""},"mobile":{"background-color":"var(--ast-global-color-5)","background-image":"","background-repeat":"repeat","background-position":"center center","background-size":"auto","background-attachment":"scroll","background-type":"","background-media":"","overlay-type":"","overlay-color":"","overlay-opacity":"","overlay-gradient":""}}},"product_cat":[137,139,152],"product_tag":[],"class_list":{"0":"post-14771","1":"product","2":"type-product","3":"status-publish","4":"has-post-thumbnail","6":"product_cat-accessories","7":"product_cat-pliers","8":"product_cat-under_category","9":"yith_product_brand-bubba","10":"desktop-align-left","11":"tablet-align-left","12":"mobile-align-center","14":"first","15":"instock","16":"shipping-taxable","17":"purchasable","18":"product-type-simple"},"acf":[],"_links":{"self":[{"href":"https:\/\/www.doubledigitstore.com\/es\/wp-json\/wp\/v2\/product\/14771","targetHints":{"allow":["GET"]}}],"collection":[{"href":"https:\/\/www.doubledigitstore.com\/es\/wp-json\/wp\/v2\/product"}],"about":[{"href":"https:\/\/www.doubledigitstore.com\/es\/wp-json\/wp\/v2\/types\/product"}],"replies":[{"embeddable":true,"href":"https:\/\/www.doubledigitstore.com\/es\/wp-json\/wp\/v2\/comments?post=14771"}],"version-history":[{"count":1,"href":"https:\/\/www.doubledigitstore.com\/es\/wp-json\/wp\/v2\/product\/14771\/revisions"}],"predecessor-version":[{"id":14778,"href":"https:\/\/www.doubledigitstore.com\/es\/wp-json\/wp\/v2\/product\/14771\/revisions\/14778"}],"wp:featuredmedia":[{"embeddable":true,"href":"https:\/\/www.doubledigitstore.com\/es\/wp-json\/wp\/v2\/media\/14775"}],"wp:attachment":[{"href":"https:\/\/www.doubledigitstore.com\/es\/wp-json\/wp\/v2\/media?parent=14771"}],"wp:term":[{"taxonomy":"product_cat","embeddable":true,"href":"https:\/\/www.doubledigitstore.com\/es\/wp-json\/wp\/v2\/product_cat?post=14771"},{"taxonomy":"product_tag","embeddable":true,"href":"https:\/\/www.doubledigitstore.com\/es\/wp-json\/wp\/v2\/product_tag?post=14771"}],"curies":[{"name":"wp","href":"https:\/\/api.w.org\/{rel}","templated":true}]}}