{"id":14787,"date":"2025-11-18T17:14:15","date_gmt":"2025-11-18T16:14:15","guid":{"rendered":"https:\/\/www.doubledigitstore.com\/?post_type=product&#038;p=14787"},"modified":"2025-11-18T17:14:45","modified_gmt":"2025-11-18T16:14:45","slug":"bodega-creature-bait","status":"publish","type":"product","link":"https:\/\/www.doubledigitstore.com\/es\/prodotto\/bodega-creature-bait\/","title":{"rendered":"Bodega Creature Bait"},"content":{"rendered":"<p>Con una acci\u00f3n tentadora y diversas texturas que mantienen a los Basses curiosos, <strong>\u00a0bodega 6th Sense<\/strong>\u00a0es un cebo vers\u00e1til para criaturas que genera grandes mordiscos. Dise\u00f1ada con un cuerpo acanalado que sujeta firmemente tu gancho favorito, la 6th Sense Bodega tambi\u00e9n cuenta con grandes ap\u00e9ndices que se deslizan y se agitan para provocar depredadores cercanos, mientras que las patas delgadas ofrecen un movimiento sutil de pulsar, patear y temblar para a\u00f1adir m\u00e1s atractivo. Perfecta para una amplia variedad de usos, incluyendo voltear montajes, montar y montar de Carolina, el tama\u00f1o y la acci\u00f3n animada de la bodega tambi\u00e9n la convierten en el remolque ideal para un jig. Un imitador \u00fanico de cangrejos de r\u00edo sea cual sea el montaje, el 6th Sense Bodega Creature Bait probablemente se convertir\u00e1 en uno de tus nuevos pl\u00e1sticos blandos favoritos.<\/p>\n","protected":false},"excerpt":{"rendered":"<p><strong>6th Sense<\/strong><\/p>\n<p>5 Colors<\/p>\n","protected":false},"featured_media":14791,"comment_status":"closed","ping_status":"closed","template":"","meta":{"_acf_changed":false,"site-sidebar-layout":"default","site-content-layout":"","ast-site-content-layout":"default","site-content-style":"default","site-sidebar-style":"default","ast-global-header-display":"","ast-banner-title-visibility":"","ast-main-header-display":"","ast-hfb-above-header-display":"","ast-hfb-below-header-display":"","ast-hfb-mobile-header-display":"","site-post-title":"","ast-breadcrumbs-content":"","ast-featured-img":"","footer-sml-layout":"","theme-transparent-header-meta":"default","adv-header-id-meta":"","stick-header-meta":"","header-above-stick-meta":"","header-main-stick-meta":"","header-below-stick-meta":"","astra-migrate-meta-layouts":"set","ast-page-background-enabled":"default","ast-page-background-meta":{"desktop":{"background-color":"","background-image":"","background-repeat":"repeat","background-position":"center center","background-size":"auto","background-attachment":"scroll","background-type":"","background-media":"","overlay-type":"","overlay-color":"","overlay-opacity":"","overlay-gradient":""},"tablet":{"background-color":"","background-image":"","background-repeat":"repeat","background-position":"center center","background-size":"auto","background-attachment":"scroll","background-type":"","background-media":"","overlay-type":"","overlay-color":"","overlay-opacity":"","overlay-gradient":""},"mobile":{"background-color":"","background-image":"","background-repeat":"repeat","background-position":"center center","background-size":"auto","background-attachment":"scroll","background-type":"","background-media":"","overlay-type":"","overlay-color":"","overlay-opacity":"","overlay-gradient":""}},"ast-content-background-meta":{"desktop":{"background-color":"var(--ast-global-color-5)","background-image":"","background-repeat":"repeat","background-position":"center center","background-size":"auto","background-attachment":"scroll","background-type":"","background-media":"","overlay-type":"","overlay-color":"","overlay-opacity":"","overlay-gradient":""},"tablet":{"background-color":"var(--ast-global-color-5)","background-image":"","background-repeat":"repeat","background-position":"center center","background-size":"auto","background-attachment":"scroll","background-type":"","background-media":"","overlay-type":"","overlay-color":"","overlay-opacity":"","overlay-gradient":""},"mobile":{"background-color":"var(--ast-global-color-5)","background-image":"","background-repeat":"repeat","background-position":"center center","background-size":"auto","background-attachment":"scroll","background-type":"","background-media":"","overlay-type":"","overlay-color":"","overlay-opacity":"","overlay-gradient":""}}},"product_cat":[115,114],"product_tag":[],"class_list":{"0":"post-14787","1":"product","2":"type-product","3":"status-publish","4":"has-post-thumbnail","6":"product_cat-creature-baits","7":"product_cat-craws","8":"yith_product_brand-6th-sense","9":"desktop-align-left","10":"tablet-align-left","11":"mobile-align-center","13":"first","14":"instock","15":"shipping-taxable","16":"purchasable","17":"product-type-simple"},"acf":[],"_links":{"self":[{"href":"https:\/\/www.doubledigitstore.com\/es\/wp-json\/wp\/v2\/product\/14787","targetHints":{"allow":["GET"]}}],"collection":[{"href":"https:\/\/www.doubledigitstore.com\/es\/wp-json\/wp\/v2\/product"}],"about":[{"href":"https:\/\/www.doubledigitstore.com\/es\/wp-json\/wp\/v2\/types\/product"}],"replies":[{"embeddable":true,"href":"https:\/\/www.doubledigitstore.com\/es\/wp-json\/wp\/v2\/comments?post=14787"}],"version-history":[{"count":3,"href":"https:\/\/www.doubledigitstore.com\/es\/wp-json\/wp\/v2\/product\/14787\/revisions"}],"predecessor-version":[{"id":14796,"href":"https:\/\/www.doubledigitstore.com\/es\/wp-json\/wp\/v2\/product\/14787\/revisions\/14796"}],"wp:featuredmedia":[{"embeddable":true,"href":"https:\/\/www.doubledigitstore.com\/es\/wp-json\/wp\/v2\/media\/14791"}],"wp:attachment":[{"href":"https:\/\/www.doubledigitstore.com\/es\/wp-json\/wp\/v2\/media?parent=14787"}],"wp:term":[{"taxonomy":"product_cat","embeddable":true,"href":"https:\/\/www.doubledigitstore.com\/es\/wp-json\/wp\/v2\/product_cat?post=14787"},{"taxonomy":"product_tag","embeddable":true,"href":"https:\/\/www.doubledigitstore.com\/es\/wp-json\/wp\/v2\/product_tag?post=14787"}],"curies":[{"name":"wp","href":"https:\/\/api.w.org\/{rel}","templated":true}]}}