{"id":14216,"date":"2023-03-24T00:13:50","date_gmt":"2023-03-23T23:13:50","guid":{"rendered":"https:\/\/www.doubledigitstore.com\/prodotto\/g-blade\/"},"modified":"2023-03-24T00:13:50","modified_gmt":"2023-03-23T23:13:50","slug":"g-blade","status":"publish","type":"product","link":"https:\/\/www.doubledigitstore.com\/it\/prodotto\/g-blade\/","title":{"rendered":"G-Blade"},"content":{"rendered":"<p>La G-Blade di Geecrack \u00e8 stata concepita proprio in modo iper-specialistico con particolarit\u00e0 che sembrano essere state pensate appositamente per il mercato italiano! La prima e pi\u00f9 evidente scelta di campo \u00e8 quella di montare solo la paletta a doppio salice e di essere disponibile in due sole misure: 1\/2oz e 3\/8oz. Ma veniamo alle caratteristiche principali della G-Blade: innanzitutto l&#8217;assetto di caduta che rimane perfettamente verticale con le lame che iniziano a sfarfallare anche in assenza di recupero. Questa particolarit\u00e0, resa possibile da un perfetto equilibrio tra dimensioni e rigidit\u00e0 dell&#8217;armatura in acciaio, conferisce a questo spinnerbait Geecrack una doppia possibilit\u00e0 di utilizzo: sia con il classico recupero immediato per le spigole che stazionano pi\u00f9 vicine alla superficie e che tendono a essere pi\u00f9 attive, che con la possibilit\u00e0 di farlo scendere, anche all&#8217;interno di strutture, per andare ad attirare i pesci che stazionano in fasce d&#8217;acqua pi\u00f9 profonde. Da notare anche piccoli dettagli che solo gli spinnerbait di fascia alta come il G-Blade possiedono, come la saldatura dell&#8217;occhiello che chiude il labbro inferiore, la girella con cuscinetto collegato a questa e la finitura della testa.<\/p>\n","protected":false},"excerpt":{"rendered":"<p><strong>Geecrack<\/strong><\/p>\n<p>12 Colori<\/p>\n","protected":false},"featured_media":12230,"comment_status":"closed","ping_status":"closed","template":"","meta":{"_acf_changed":false,"site-sidebar-layout":"default","site-content-layout":"default","ast-site-content-layout":"default","site-content-style":"default","site-sidebar-style":"default","ast-global-header-display":"","ast-banner-title-visibility":"","ast-main-header-display":"","ast-hfb-above-header-display":"","ast-hfb-below-header-display":"","ast-hfb-mobile-header-display":"","site-post-title":"","ast-breadcrumbs-content":"","ast-featured-img":"","footer-sml-layout":"","theme-transparent-header-meta":"default","adv-header-id-meta":"","stick-header-meta":"","header-above-stick-meta":"","header-main-stick-meta":"","header-below-stick-meta":"","astra-migrate-meta-layouts":"default","ast-page-background-enabled":"default","ast-page-background-meta":{"desktop":{"background-color":"","background-image":"","background-repeat":"repeat","background-position":"center center","background-size":"auto","background-attachment":"scroll","background-type":"","background-media":"","overlay-type":"","overlay-color":"","overlay-opacity":"","overlay-gradient":""},"tablet":{"background-color":"","background-image":"","background-repeat":"repeat","background-position":"center center","background-size":"auto","background-attachment":"scroll","background-type":"","background-media":"","overlay-type":"","overlay-color":"","overlay-opacity":"","overlay-gradient":""},"mobile":{"background-color":"","background-image":"","background-repeat":"repeat","background-position":"center center","background-size":"auto","background-attachment":"scroll","background-type":"","background-media":"","overlay-type":"","overlay-color":"","overlay-opacity":"","overlay-gradient":""}},"ast-content-background-meta":{"desktop":{"background-color":"var(--ast-global-color-5)","background-image":"","background-repeat":"repeat","background-position":"center center","background-size":"auto","background-attachment":"scroll","background-type":"","background-media":"","overlay-type":"","overlay-color":"","overlay-opacity":"","overlay-gradient":""},"tablet":{"background-color":"var(--ast-global-color-5)","background-image":"","background-repeat":"repeat","background-position":"center center","background-size":"auto","background-attachment":"scroll","background-type":"","background-media":"","overlay-type":"","overlay-color":"","overlay-opacity":"","overlay-gradient":""},"mobile":{"background-color":"var(--ast-global-color-5)","background-image":"","background-repeat":"repeat","background-position":"center center","background-size":"auto","background-attachment":"scroll","background-type":"","background-media":"","overlay-type":"","overlay-color":"","overlay-opacity":"","overlay-gradient":""}}},"product_cat":[1072,713,1080],"product_tag":[],"class_list":{"0":"post-14216","1":"product","2":"type-product","3":"status-publish","4":"has-post-thumbnail","6":"product_cat-sconto","7":"product_cat-sotto_categoria","8":"product_cat-spinnerbaits-it","9":"yith_product_brand-geecrack-it","10":"desktop-align-left","11":"tablet-align-left","12":"mobile-align-center","14":"first","15":"instock","16":"shipping-taxable","17":"purchasable","18":"product-type-simple"},"acf":[],"_links":{"self":[{"href":"https:\/\/www.doubledigitstore.com\/it\/wp-json\/wp\/v2\/product\/14216","targetHints":{"allow":["GET"]}}],"collection":[{"href":"https:\/\/www.doubledigitstore.com\/it\/wp-json\/wp\/v2\/product"}],"about":[{"href":"https:\/\/www.doubledigitstore.com\/it\/wp-json\/wp\/v2\/types\/product"}],"replies":[{"embeddable":true,"href":"https:\/\/www.doubledigitstore.com\/it\/wp-json\/wp\/v2\/comments?post=14216"}],"version-history":[{"count":0,"href":"https:\/\/www.doubledigitstore.com\/it\/wp-json\/wp\/v2\/product\/14216\/revisions"}],"wp:featuredmedia":[{"embeddable":true,"href":"https:\/\/www.doubledigitstore.com\/it\/wp-json\/wp\/v2\/media\/12230"}],"wp:attachment":[{"href":"https:\/\/www.doubledigitstore.com\/it\/wp-json\/wp\/v2\/media?parent=14216"}],"wp:term":[{"taxonomy":"product_cat","embeddable":true,"href":"https:\/\/www.doubledigitstore.com\/it\/wp-json\/wp\/v2\/product_cat?post=14216"},{"taxonomy":"product_tag","embeddable":true,"href":"https:\/\/www.doubledigitstore.com\/it\/wp-json\/wp\/v2\/product_tag?post=14216"}],"curies":[{"name":"wp","href":"https:\/\/api.w.org\/{rel}","templated":true}]}}