{"id":14226,"date":"2023-03-17T12:24:24","date_gmt":"2023-03-17T11:24:24","guid":{"rendered":"https:\/\/www.doubledigitstore.com\/prodotto\/jointed-claw-shift-183\/"},"modified":"2023-03-17T12:24:24","modified_gmt":"2023-03-17T11:24:24","slug":"jointed-claw-shift-183","status":"publish","type":"product","link":"https:\/\/www.doubledigitstore.com\/it\/prodotto\/jointed-claw-shift-183\/","title":{"rendered":"Jointed Claw Shift 183"},"content":{"rendered":"<p>Partendo dall&#8217;originale e collaudato Jointed Claw che ha fatto conoscere Gan Craft, il Gan Craft Jointed Claw Shift 183 Glide Bait presenta ora un design a pi\u00f9 snodi e un&#8217;azione completamente nuova che sicuramente impressioner\u00e0 gli appassionati di swimbait di ogni livello. Per dare alla spigola un look nuovo ed entusiasmante e per offrire ai pescatori opzioni di recupero pi\u00f9 ampie, lo Shift 183 include ora un secondo snodo vicino alla coda che migliora l&#8217;azione a velocit\u00e0 di recupero pi\u00f9 elevate. I pescatori di esche grosse saranno ancora soddisfatti del modello di nuoto a &#8220;S&#8221; stuzzicante e morbido della vela quando si fa vagare lentamente l&#8217;esca verso la barca, ma ora avranno la possibilit\u00e0 di imprimere un&#8217;azione di nuoto stretta e palpitante con un recupero veloce che il modello originale 178 non \u00e8 stato progettato per ottenere. Oltre all&#8217;inconfondibile azione di nuoto, l&#8217;esca Gan Craft Jointed Claw Shift 183 Glide Bait \u00e8 caratterizzata da componenti di prima qualit\u00e0 e da una rifinitura dai dettagli sorprendenti. Fin dalla confezione, i pescatori saranno accolti da ami treble affilatissimi in grado di domare i mostri del loro lago e da giunture ultraresistenti che non si romperanno quando un trofeo sar\u00e0 al capolinea. Con un&#8217;azione di nuoto di livello mondiale che sta attirando l&#8217;attenzione di tutto il mondo, il Gan Craft Jointed Claw Shift 183 Glide Bait \u00e8 ora disponibile negli Stati Uniti, in modo che i pescatori possano fare incursione nelle loro acque domestiche alla ricerca di giganti indimenticabili.<\/p>\n","protected":false},"excerpt":{"rendered":"<p><strong>Gan Craft<\/strong><\/p>\n<p>5 Colori<\/p>\n","protected":false},"featured_media":12245,"comment_status":"closed","ping_status":"closed","template":"","meta":{"_acf_changed":false,"site-sidebar-layout":"default","site-content-layout":"default","ast-site-content-layout":"default","site-content-style":"default","site-sidebar-style":"default","ast-global-header-display":"","ast-banner-title-visibility":"","ast-main-header-display":"","ast-hfb-above-header-display":"","ast-hfb-below-header-display":"","ast-hfb-mobile-header-display":"","site-post-title":"","ast-breadcrumbs-content":"","ast-featured-img":"","footer-sml-layout":"","theme-transparent-header-meta":"default","adv-header-id-meta":"","stick-header-meta":"","header-above-stick-meta":"","header-main-stick-meta":"","header-below-stick-meta":"","astra-migrate-meta-layouts":"default","ast-page-background-enabled":"default","ast-page-background-meta":{"desktop":{"background-color":"","background-image":"","background-repeat":"repeat","background-position":"center center","background-size":"auto","background-attachment":"scroll","background-type":"","background-media":"","overlay-type":"","overlay-color":"","overlay-opacity":"","overlay-gradient":""},"tablet":{"background-color":"","background-image":"","background-repeat":"repeat","background-position":"center center","background-size":"auto","background-attachment":"scroll","background-type":"","background-media":"","overlay-type":"","overlay-color":"","overlay-opacity":"","overlay-gradient":""},"mobile":{"background-color":"","background-image":"","background-repeat":"repeat","background-position":"center center","background-size":"auto","background-attachment":"scroll","background-type":"","background-media":"","overlay-type":"","overlay-color":"","overlay-opacity":"","overlay-gradient":""}},"ast-content-background-meta":{"desktop":{"background-color":"var(--ast-global-color-5)","background-image":"","background-repeat":"repeat","background-position":"center center","background-size":"auto","background-attachment":"scroll","background-type":"","background-media":"","overlay-type":"","overlay-color":"","overlay-opacity":"","overlay-gradient":""},"tablet":{"background-color":"var(--ast-global-color-5)","background-image":"","background-repeat":"repeat","background-position":"center center","background-size":"auto","background-attachment":"scroll","background-type":"","background-media":"","overlay-type":"","overlay-color":"","overlay-opacity":"","overlay-gradient":""},"mobile":{"background-color":"var(--ast-global-color-5)","background-image":"","background-repeat":"repeat","background-position":"center center","background-size":"auto","background-attachment":"scroll","background-type":"","background-media":"","overlay-type":"","overlay-color":"","overlay-opacity":"","overlay-gradient":""}}},"product_cat":[1090,1084,713],"product_tag":[],"class_list":{"0":"post-14226","1":"product","2":"type-product","3":"status-publish","4":"has-post-thumbnail","6":"product_cat-baits-it","7":"product_cat-hard-swimbaits-it","8":"product_cat-sotto_categoria","9":"yith_product_brand-gan-craft-it","10":"desktop-align-left","11":"tablet-align-left","12":"mobile-align-center","14":"first","15":"instock","16":"sale","17":"shipping-taxable","18":"purchasable","19":"product-type-simple"},"acf":[],"_links":{"self":[{"href":"https:\/\/www.doubledigitstore.com\/it\/wp-json\/wp\/v2\/product\/14226","targetHints":{"allow":["GET"]}}],"collection":[{"href":"https:\/\/www.doubledigitstore.com\/it\/wp-json\/wp\/v2\/product"}],"about":[{"href":"https:\/\/www.doubledigitstore.com\/it\/wp-json\/wp\/v2\/types\/product"}],"replies":[{"embeddable":true,"href":"https:\/\/www.doubledigitstore.com\/it\/wp-json\/wp\/v2\/comments?post=14226"}],"version-history":[{"count":0,"href":"https:\/\/www.doubledigitstore.com\/it\/wp-json\/wp\/v2\/product\/14226\/revisions"}],"wp:featuredmedia":[{"embeddable":true,"href":"https:\/\/www.doubledigitstore.com\/it\/wp-json\/wp\/v2\/media\/12245"}],"wp:attachment":[{"href":"https:\/\/www.doubledigitstore.com\/it\/wp-json\/wp\/v2\/media?parent=14226"}],"wp:term":[{"taxonomy":"product_cat","embeddable":true,"href":"https:\/\/www.doubledigitstore.com\/it\/wp-json\/wp\/v2\/product_cat?post=14226"},{"taxonomy":"product_tag","embeddable":true,"href":"https:\/\/www.doubledigitstore.com\/it\/wp-json\/wp\/v2\/product_tag?post=14226"}],"curies":[{"name":"wp","href":"https:\/\/api.w.org\/{rel}","templated":true}]}}