{"id":14238,"date":"2025-01-07T13:16:10","date_gmt":"2025-01-07T12:16:10","guid":{"rendered":"https:\/\/www.doubledigitstore.com\/?post_type=product&#038;p=14238"},"modified":"2025-01-07T13:30:29","modified_gmt":"2025-01-07T12:30:29","slug":"ticket-swimbait-contest-2k25","status":"publish","type":"product","link":"https:\/\/www.doubledigitstore.com\/it\/prodotto\/ticket-swimbait-contest-2k25\/","title":{"rendered":"Ticket Swimbait Contest 2k25"},"content":{"rendered":"<p><strong>Reglamento<\/strong><\/p>\n<ul>\n<li>Cada participante ser\u00e1 responsable de sus acciones (Licencia)<\/li>\n<li>Se efectuar\u00e1 video pesaje<\/li>\n<li>La zona de pesca se confirmar\u00e1 la noche anterior<\/li>\n<li>Solo se podr\u00e1 pescar con Hard Swimbait (GlideBait)<\/li>\n<li>El cupo m\u00e1ximo ser\u00e1 de 20 participantes<\/li>\n<li>Ganar\u00e1 quien efectuar\u00e1 la captura con mayor peso de Black Bass<\/li>\n<li>En caso de falta de capturas de parte de todos los participantes se repetir\u00e1 el d\u00eda de la competici\u00f3n<\/li>\n<li>Cualquier falta de respeto o incumplimiento de las normas comportar\u00e1 la descalificaci\u00f3n inmediata<\/li>\n<\/ul>\n<p><strong>Premios<\/strong><\/p>\n<ol>\n<li>400 \u20ac en met\u00e1lico<\/li>\n<li>Swimbait Edici\u00f3n Limitada (2)<\/li>\n<li>Swimbait Edicion Limitada (1)<\/li>\n<\/ol>\n<p><strong>Embalse<\/strong><\/p>\n<ul>\n<li>Pantano de San Juan, solo se confirmar\u00e1 la zona de pesca la noche anterior al evento para dar la posibilidad a todos los participantes de tener las mismas condiciones.<\/li>\n<\/ul>\n<p>&nbsp;<\/p>\n<p><em>(Con la compra de este TICKET recibir\u00e1n un descuento del 25% en Swimbait valido hasta el d\u00eda de la competici\u00f3n)<\/em><\/p>\n<p>&nbsp;<\/p>\n<p>&nbsp;<\/p>\n","protected":false},"excerpt":{"rendered":"<p>Double Digit Store<\/p>\n","protected":false},"featured_media":14239,"comment_status":"closed","ping_status":"closed","template":"","meta":{"_acf_changed":false,"site-sidebar-layout":"default","site-content-layout":"","ast-site-content-layout":"default","site-content-style":"default","site-sidebar-style":"default","ast-global-header-display":"","ast-banner-title-visibility":"","ast-main-header-display":"","ast-hfb-above-header-display":"","ast-hfb-below-header-display":"","ast-hfb-mobile-header-display":"","site-post-title":"","ast-breadcrumbs-content":"","ast-featured-img":"","footer-sml-layout":"","theme-transparent-header-meta":"default","adv-header-id-meta":"","stick-header-meta":"","header-above-stick-meta":"","header-main-stick-meta":"","header-below-stick-meta":"","astra-migrate-meta-layouts":"set","ast-page-background-enabled":"default","ast-page-background-meta":{"desktop":{"background-color":"","background-image":"","background-repeat":"repeat","background-position":"center center","background-size":"auto","background-attachment":"scroll","background-type":"","background-media":"","overlay-type":"","overlay-color":"","overlay-opacity":"","overlay-gradient":""},"tablet":{"background-color":"","background-image":"","background-repeat":"repeat","background-position":"center center","background-size":"auto","background-attachment":"scroll","background-type":"","background-media":"","overlay-type":"","overlay-color":"","overlay-opacity":"","overlay-gradient":""},"mobile":{"background-color":"","background-image":"","background-repeat":"repeat","background-position":"center center","background-size":"auto","background-attachment":"scroll","background-type":"","background-media":"","overlay-type":"","overlay-color":"","overlay-opacity":"","overlay-gradient":""}},"ast-content-background-meta":{"desktop":{"background-color":"var(--ast-global-color-5)","background-image":"","background-repeat":"repeat","background-position":"center center","background-size":"auto","background-attachment":"scroll","background-type":"","background-media":"","overlay-type":"","overlay-color":"","overlay-opacity":"","overlay-gradient":""},"tablet":{"background-color":"var(--ast-global-color-5)","background-image":"","background-repeat":"repeat","background-position":"center center","background-size":"auto","background-attachment":"scroll","background-type":"","background-media":"","overlay-type":"","overlay-color":"","overlay-opacity":"","overlay-gradient":""},"mobile":{"background-color":"var(--ast-global-color-5)","background-image":"","background-repeat":"repeat","background-position":"center center","background-size":"auto","background-attachment":"scroll","background-type":"","background-media":"","overlay-type":"","overlay-color":"","overlay-opacity":"","overlay-gradient":""}}},"product_cat":[147],"product_tag":[],"class_list":{"0":"post-14238","1":"product","2":"type-product","3":"status-publish","4":"has-post-thumbnail","6":"product_cat-gift-cards","7":"desktop-align-left","8":"tablet-align-left","9":"mobile-align-center","11":"first","12":"instock","13":"virtual","14":"purchasable","15":"product-type-simple"},"acf":[],"_links":{"self":[{"href":"https:\/\/www.doubledigitstore.com\/it\/wp-json\/wp\/v2\/product\/14238","targetHints":{"allow":["GET"]}}],"collection":[{"href":"https:\/\/www.doubledigitstore.com\/it\/wp-json\/wp\/v2\/product"}],"about":[{"href":"https:\/\/www.doubledigitstore.com\/it\/wp-json\/wp\/v2\/types\/product"}],"replies":[{"embeddable":true,"href":"https:\/\/www.doubledigitstore.com\/it\/wp-json\/wp\/v2\/comments?post=14238"}],"version-history":[{"count":6,"href":"https:\/\/www.doubledigitstore.com\/it\/wp-json\/wp\/v2\/product\/14238\/revisions"}],"predecessor-version":[{"id":14247,"href":"https:\/\/www.doubledigitstore.com\/it\/wp-json\/wp\/v2\/product\/14238\/revisions\/14247"}],"wp:featuredmedia":[{"embeddable":true,"href":"https:\/\/www.doubledigitstore.com\/it\/wp-json\/wp\/v2\/media\/14239"}],"wp:attachment":[{"href":"https:\/\/www.doubledigitstore.com\/it\/wp-json\/wp\/v2\/media?parent=14238"}],"wp:term":[{"taxonomy":"product_cat","embeddable":true,"href":"https:\/\/www.doubledigitstore.com\/it\/wp-json\/wp\/v2\/product_cat?post=14238"},{"taxonomy":"product_tag","embeddable":true,"href":"https:\/\/www.doubledigitstore.com\/it\/wp-json\/wp\/v2\/product_tag?post=14238"}],"curies":[{"name":"wp","href":"https:\/\/api.w.org\/{rel}","templated":true}]}}