{"id":14717,"date":"2025-11-17T19:19:40","date_gmt":"2025-11-17T18:19:40","guid":{"rendered":"https:\/\/www.doubledigitstore.com\/?post_type=product&#038;p=14717"},"modified":"2026-03-10T18:02:44","modified_gmt":"2026-03-10T17:02:44","slug":"bubba-smart-fish-scale","status":"publish","type":"product","link":"https:\/\/www.doubledigitstore.com\/it\/prodotto\/bubba-smart-fish-scale\/","title":{"rendered":"Bubba Smart Fish Scale"},"content":{"rendered":"<p>Dise\u00f1ada con una pantalla LCD autoajustable y el ic\u00f3nico agarre antideslizante de Bubba, la<strong>\u00a0Bubba Smart Fish\u00a0<\/strong>Scale cuenta con un dise\u00f1o completamente impermeable para garantizar que nunca falle ni siquiera en los d\u00edas m\u00e1s duros en el agua. Construida con 60 libras de capacidad y una precisi\u00f3n de +\/- 0,3 %, la Bubba Smart Fish Scale es perfecta para torneos de lubina o pesca divertida, con dos modos de peso diferentes que ofrecen caracter\u00edsticas y capacidades \u00fanicas.<\/p>\n<p>El modo torneo ofrece gesti\u00f3n de livewell para hasta ocho peces con captura inteligente y datos autom\u00e1ticos de peso de bolsa, mientras que el modo Rally est\u00e1 pensado para la pesca en solitario con la posibilidad de almacenar hasta 99 peces y el peso total de tu bolsa. Alimentada por pilas AA alcalinas y lista para ofrecer una lectura precisa de tu pr\u00f3xima mejor marca personal, la Bubba Smart Fish Scale incluye un agarre de labios seguro que se acopla f\u00e1cilmente al labio de un pez.<\/p>\n<p>&#8211; Pantalla<br \/>\nLCD autoajustable &#8211; Dise\u00f1o<br \/>\nimpermeable &#8211; Capacidad<br \/>\nde peso de 60 libras &#8211; Ic\u00f3nico agarre<br \/>\nantideslizante Bubba &#8211; Modos de pesaje de torneos y rally<br \/>\n&#8211; Clip de labio y gancho de branquia incluidos<br \/>\n&#8211; Pilas AA no incluidas<br \/>\n&#8211; Todas las garant\u00edas deben pasar directamente por Bubba<\/p>\n","protected":false},"excerpt":{"rendered":"<p>Dise\u00f1ada con una pantalla LCD autoajustable y el ic\u00f3nico agarre antideslizante de Bubba, la\u00a0Bubba Smart Fish\u00a0Scale cuenta con un dise\u00f1o completamente impermeable para garantizar que nunca falle ni siquiera en los d\u00edas m\u00e1s duros en el agua. Construida con 60 libras de capacidad y una precisi\u00f3n de +\/- 0,3 %, la Bubba Smart Fish Scale [&hellip;]<\/p>\n","protected":false},"featured_media":14721,"comment_status":"closed","ping_status":"closed","template":"","meta":{"_acf_changed":false,"site-sidebar-layout":"default","site-content-layout":"","ast-site-content-layout":"default","site-content-style":"default","site-sidebar-style":"default","ast-global-header-display":"","ast-banner-title-visibility":"","ast-main-header-display":"","ast-hfb-above-header-display":"","ast-hfb-below-header-display":"","ast-hfb-mobile-header-display":"","site-post-title":"","ast-breadcrumbs-content":"","ast-featured-img":"","footer-sml-layout":"","theme-transparent-header-meta":"default","adv-header-id-meta":"","stick-header-meta":"","header-above-stick-meta":"","header-main-stick-meta":"","header-below-stick-meta":"","astra-migrate-meta-layouts":"set","ast-page-background-enabled":"default","ast-page-background-meta":{"desktop":{"background-color":"","background-image":"","background-repeat":"repeat","background-position":"center center","background-size":"auto","background-attachment":"scroll","background-type":"","background-media":"","overlay-type":"","overlay-color":"","overlay-opacity":"","overlay-gradient":""},"tablet":{"background-color":"","background-image":"","background-repeat":"repeat","background-position":"center center","background-size":"auto","background-attachment":"scroll","background-type":"","background-media":"","overlay-type":"","overlay-color":"","overlay-opacity":"","overlay-gradient":""},"mobile":{"background-color":"","background-image":"","background-repeat":"repeat","background-position":"center center","background-size":"auto","background-attachment":"scroll","background-type":"","background-media":"","overlay-type":"","overlay-color":"","overlay-opacity":"","overlay-gradient":""}},"ast-content-background-meta":{"desktop":{"background-color":"var(--ast-global-color-5)","background-image":"","background-repeat":"repeat","background-position":"center center","background-size":"auto","background-attachment":"scroll","background-type":"","background-media":"","overlay-type":"","overlay-color":"","overlay-opacity":"","overlay-gradient":""},"tablet":{"background-color":"var(--ast-global-color-5)","background-image":"","background-repeat":"repeat","background-position":"center center","background-size":"auto","background-attachment":"scroll","background-type":"","background-media":"","overlay-type":"","overlay-color":"","overlay-opacity":"","overlay-gradient":""},"mobile":{"background-color":"var(--ast-global-color-5)","background-image":"","background-repeat":"repeat","background-position":"center center","background-size":"auto","background-attachment":"scroll","background-type":"","background-media":"","overlay-type":"","overlay-color":"","overlay-opacity":"","overlay-gradient":""}}},"product_cat":[137,152],"product_tag":[],"class_list":{"0":"post-14717","1":"product","2":"type-product","3":"status-publish","4":"has-post-thumbnail","6":"product_cat-accessories","7":"product_cat-under_category","8":"yith_product_brand-bubba","9":"desktop-align-left","10":"tablet-align-left","11":"mobile-align-center","13":"first","14":"instock","15":"shipping-taxable","16":"purchasable","17":"product-type-simple"},"acf":[],"_links":{"self":[{"href":"https:\/\/www.doubledigitstore.com\/it\/wp-json\/wp\/v2\/product\/14717","targetHints":{"allow":["GET"]}}],"collection":[{"href":"https:\/\/www.doubledigitstore.com\/it\/wp-json\/wp\/v2\/product"}],"about":[{"href":"https:\/\/www.doubledigitstore.com\/it\/wp-json\/wp\/v2\/types\/product"}],"replies":[{"embeddable":true,"href":"https:\/\/www.doubledigitstore.com\/it\/wp-json\/wp\/v2\/comments?post=14717"}],"version-history":[{"count":2,"href":"https:\/\/www.doubledigitstore.com\/it\/wp-json\/wp\/v2\/product\/14717\/revisions"}],"predecessor-version":[{"id":14728,"href":"https:\/\/www.doubledigitstore.com\/it\/wp-json\/wp\/v2\/product\/14717\/revisions\/14728"}],"wp:featuredmedia":[{"embeddable":true,"href":"https:\/\/www.doubledigitstore.com\/it\/wp-json\/wp\/v2\/media\/14721"}],"wp:attachment":[{"href":"https:\/\/www.doubledigitstore.com\/it\/wp-json\/wp\/v2\/media?parent=14717"}],"wp:term":[{"taxonomy":"product_cat","embeddable":true,"href":"https:\/\/www.doubledigitstore.com\/it\/wp-json\/wp\/v2\/product_cat?post=14717"},{"taxonomy":"product_tag","embeddable":true,"href":"https:\/\/www.doubledigitstore.com\/it\/wp-json\/wp\/v2\/product_tag?post=14717"}],"curies":[{"name":"wp","href":"https:\/\/api.w.org\/{rel}","templated":true}]}}