{"id":14746,"date":"2025-11-17T19:31:58","date_gmt":"2025-11-17T18:31:58","guid":{"rendered":"https:\/\/www.doubledigitstore.com\/?post_type=product&#038;p=14746"},"modified":"2025-11-17T19:35:21","modified_gmt":"2025-11-17T18:35:21","slug":"bubba-culling-indicator-set","status":"publish","type":"product","link":"https:\/\/www.doubledigitstore.com\/it\/prodotto\/bubba-culling-indicator-set\/","title":{"rendered":"Bubba Culling Indicator Set"},"content":{"rendered":"<p>Dise\u00f1ado para ser el accesorio definitivo de masacre para pescadores de torneo, el Bubba Culling Indicator Set est\u00e1 dise\u00f1ado junto con las Bubba Smart Fish Scales para asegurarse de que nunca pierdas la pista de tus mejores capturas. Con ocho boyas de etiqueta de sacrificio de colores vivos y numeradas que coinciden con las ranuras de almacenamiento de las escamas inteligentes Bubba, el Conjunto Indicador de Sacrificio Bubba facilita identificar peces en el pozo y facilita la identificaci\u00f3n de peces en el pozo y el proceso de eliminaci\u00f3n es una tarea r\u00e1pida y menos engorrosa.<\/p>\n<p>Incluyendo una barra de equilibrio con el ic\u00f3nico agarre antideslizante Bubba, los pescadores pueden sujetar los lazos de las boyas de eliminaci\u00f3n a los anzuelos en cada extremo de la viga para detectar mejor las m\u00e1s m\u00ednimas diferencias de peso entre dos peces de tama\u00f1o similar. Equipado con componentes resistentes a la corrosi\u00f3n en todo el conjunto para ofrecer un rendimiento duradero, el Bubba Culling Indicator Set tiene un dise\u00f1o de clip de perfil bajo y sin pinchazos que asegura el labio del pez sin causar da\u00f1os innecesarios.<\/p>\n<p>&#8211; Ic\u00f3nico agarre antideslizante Bubba<\/p>\n<p><span style=\"font-size: 16px;\">&#8211; boyas de color y numeradas para rastrear <\/span>capturas<\/p>\n<p>&#8211; Componentes resistentes a la corrosi\u00f3n<\/p>\n<p>&#8211; Dise\u00f1o de clip de labio de perfil bajo &#8211; Compatible tanto con las escamas inteligentes est\u00e1ndar como Pro Series<\/p>\n","protected":false},"excerpt":{"rendered":"<p>Dise\u00f1ado para ser el accesorio definitivo de masacre para pescadores de torneo, el Bubba Culling Indicator Set est\u00e1 dise\u00f1ado junto con las Bubba Smart Fish Scales para asegurarse de que nunca pierdas la pista de tus mejores capturas. Con ocho boyas de etiqueta de sacrificio de colores vivos y numeradas que coinciden con las ranuras [&hellip;]<\/p>\n","protected":false},"featured_media":14753,"comment_status":"closed","ping_status":"closed","template":"","meta":{"_acf_changed":false,"site-sidebar-layout":"default","site-content-layout":"","ast-site-content-layout":"default","site-content-style":"default","site-sidebar-style":"default","ast-global-header-display":"","ast-banner-title-visibility":"","ast-main-header-display":"","ast-hfb-above-header-display":"","ast-hfb-below-header-display":"","ast-hfb-mobile-header-display":"","site-post-title":"","ast-breadcrumbs-content":"","ast-featured-img":"","footer-sml-layout":"","theme-transparent-header-meta":"default","adv-header-id-meta":"","stick-header-meta":"","header-above-stick-meta":"","header-main-stick-meta":"","header-below-stick-meta":"","astra-migrate-meta-layouts":"set","ast-page-background-enabled":"default","ast-page-background-meta":{"desktop":{"background-color":"","background-image":"","background-repeat":"repeat","background-position":"center center","background-size":"auto","background-attachment":"scroll","background-type":"","background-media":"","overlay-type":"","overlay-color":"","overlay-opacity":"","overlay-gradient":""},"tablet":{"background-color":"","background-image":"","background-repeat":"repeat","background-position":"center center","background-size":"auto","background-attachment":"scroll","background-type":"","background-media":"","overlay-type":"","overlay-color":"","overlay-opacity":"","overlay-gradient":""},"mobile":{"background-color":"","background-image":"","background-repeat":"repeat","background-position":"center center","background-size":"auto","background-attachment":"scroll","background-type":"","background-media":"","overlay-type":"","overlay-color":"","overlay-opacity":"","overlay-gradient":""}},"ast-content-background-meta":{"desktop":{"background-color":"var(--ast-global-color-5)","background-image":"","background-repeat":"repeat","background-position":"center center","background-size":"auto","background-attachment":"scroll","background-type":"","background-media":"","overlay-type":"","overlay-color":"","overlay-opacity":"","overlay-gradient":""},"tablet":{"background-color":"var(--ast-global-color-5)","background-image":"","background-repeat":"repeat","background-position":"center center","background-size":"auto","background-attachment":"scroll","background-type":"","background-media":"","overlay-type":"","overlay-color":"","overlay-opacity":"","overlay-gradient":""},"mobile":{"background-color":"var(--ast-global-color-5)","background-image":"","background-repeat":"repeat","background-position":"center center","background-size":"auto","background-attachment":"scroll","background-type":"","background-media":"","overlay-type":"","overlay-color":"","overlay-opacity":"","overlay-gradient":""}}},"product_cat":[137,152],"product_tag":[],"class_list":{"0":"post-14746","1":"product","2":"type-product","3":"status-publish","4":"has-post-thumbnail","6":"product_cat-accessories","7":"product_cat-under_category","8":"yith_product_brand-bubba","9":"desktop-align-left","10":"tablet-align-left","11":"mobile-align-center","13":"first","14":"instock","15":"shipping-taxable","16":"purchasable","17":"product-type-simple"},"acf":[],"_links":{"self":[{"href":"https:\/\/www.doubledigitstore.com\/it\/wp-json\/wp\/v2\/product\/14746","targetHints":{"allow":["GET"]}}],"collection":[{"href":"https:\/\/www.doubledigitstore.com\/it\/wp-json\/wp\/v2\/product"}],"about":[{"href":"https:\/\/www.doubledigitstore.com\/it\/wp-json\/wp\/v2\/types\/product"}],"replies":[{"embeddable":true,"href":"https:\/\/www.doubledigitstore.com\/it\/wp-json\/wp\/v2\/comments?post=14746"}],"version-history":[{"count":1,"href":"https:\/\/www.doubledigitstore.com\/it\/wp-json\/wp\/v2\/product\/14746\/revisions"}],"predecessor-version":[{"id":14756,"href":"https:\/\/www.doubledigitstore.com\/it\/wp-json\/wp\/v2\/product\/14746\/revisions\/14756"}],"wp:featuredmedia":[{"embeddable":true,"href":"https:\/\/www.doubledigitstore.com\/it\/wp-json\/wp\/v2\/media\/14753"}],"wp:attachment":[{"href":"https:\/\/www.doubledigitstore.com\/it\/wp-json\/wp\/v2\/media?parent=14746"}],"wp:term":[{"taxonomy":"product_cat","embeddable":true,"href":"https:\/\/www.doubledigitstore.com\/it\/wp-json\/wp\/v2\/product_cat?post=14746"},{"taxonomy":"product_tag","embeddable":true,"href":"https:\/\/www.doubledigitstore.com\/it\/wp-json\/wp\/v2\/product_tag?post=14746"}],"curies":[{"name":"wp","href":"https:\/\/api.w.org\/{rel}","templated":true}]}}