{"id":14761,"date":"2025-11-17T19:42:27","date_gmt":"2025-11-17T18:42:27","guid":{"rendered":"https:\/\/www.doubledigitstore.com\/?post_type=product&#038;p=14761"},"modified":"2025-11-17T19:44:24","modified_gmt":"2025-11-17T18:44:24","slug":"bubba-small-shears","status":"publish","type":"product","link":"https:\/\/www.doubledigitstore.com\/it\/prodotto\/bubba-small-shears\/","title":{"rendered":"Bubba Small Shears"},"content":{"rendered":"<p>Multifuncionales, ligeros y duraderos, los Bubba Small Shears son la herramienta ideal para cortar cualquier l\u00ednea de pesca que un pescador ponga delante. Equipados con cuchillas antiadherentes de nitruro de titanio, tienen un acabado microdentado para manejar l\u00edneas trenzadas duras con una precisi\u00f3n sin esfuerzo.<\/p>\n<p>Este peque\u00f1o paquete est\u00e1 completamente cargado con grandes atributos de comodidad. En las asas se incluyen una herramienta de crimpado de disparo dividido, un abrebotellas y un agujero para cord\u00f3n para una sensaci\u00f3n todo en uno. Con el ic\u00f3nico agarre antideslizante de Bubba, las Bubba Small Shears son ideales para guardar en tu barco, bolso o bolsillo.<\/p>\n<p>-Cuchillas<br \/>\nantiadherentes recubiertas de nitruro de titanio -Empu\u00f1adura antideslizante de<br \/>\nBubba -Cuchillas<br \/>\nmicrodentadas -Herramienta<br \/>\nde crimpado de tiro dividido -Abrebotellas<br \/>\n-Construcci\u00f3n con espiga completa<\/p>\n","protected":false},"excerpt":{"rendered":"<p>Multifuncionales, ligeros y duraderos, los Bubba Small Shears son la herramienta ideal para cortar cualquier l\u00ednea de pesca que un pescador ponga delante. Equipados con cuchillas antiadherentes de nitruro de titanio, tienen un acabado microdentado para manejar l\u00edneas trenzadas duras con una precisi\u00f3n sin esfuerzo. Este peque\u00f1o paquete est\u00e1 completamente cargado con grandes atributos de [&hellip;]<\/p>\n","protected":false},"featured_media":14762,"comment_status":"closed","ping_status":"closed","template":"","meta":{"_acf_changed":false,"site-sidebar-layout":"default","site-content-layout":"","ast-site-content-layout":"default","site-content-style":"default","site-sidebar-style":"default","ast-global-header-display":"","ast-banner-title-visibility":"","ast-main-header-display":"","ast-hfb-above-header-display":"","ast-hfb-below-header-display":"","ast-hfb-mobile-header-display":"","site-post-title":"","ast-breadcrumbs-content":"","ast-featured-img":"","footer-sml-layout":"","theme-transparent-header-meta":"default","adv-header-id-meta":"","stick-header-meta":"","header-above-stick-meta":"","header-main-stick-meta":"","header-below-stick-meta":"","astra-migrate-meta-layouts":"set","ast-page-background-enabled":"default","ast-page-background-meta":{"desktop":{"background-color":"","background-image":"","background-repeat":"repeat","background-position":"center center","background-size":"auto","background-attachment":"scroll","background-type":"","background-media":"","overlay-type":"","overlay-color":"","overlay-opacity":"","overlay-gradient":""},"tablet":{"background-color":"","background-image":"","background-repeat":"repeat","background-position":"center center","background-size":"auto","background-attachment":"scroll","background-type":"","background-media":"","overlay-type":"","overlay-color":"","overlay-opacity":"","overlay-gradient":""},"mobile":{"background-color":"","background-image":"","background-repeat":"repeat","background-position":"center center","background-size":"auto","background-attachment":"scroll","background-type":"","background-media":"","overlay-type":"","overlay-color":"","overlay-opacity":"","overlay-gradient":""}},"ast-content-background-meta":{"desktop":{"background-color":"var(--ast-global-color-5)","background-image":"","background-repeat":"repeat","background-position":"center center","background-size":"auto","background-attachment":"scroll","background-type":"","background-media":"","overlay-type":"","overlay-color":"","overlay-opacity":"","overlay-gradient":""},"tablet":{"background-color":"var(--ast-global-color-5)","background-image":"","background-repeat":"repeat","background-position":"center center","background-size":"auto","background-attachment":"scroll","background-type":"","background-media":"","overlay-type":"","overlay-color":"","overlay-opacity":"","overlay-gradient":""},"mobile":{"background-color":"var(--ast-global-color-5)","background-image":"","background-repeat":"repeat","background-position":"center center","background-size":"auto","background-attachment":"scroll","background-type":"","background-media":"","overlay-type":"","overlay-color":"","overlay-opacity":"","overlay-gradient":""}}},"product_cat":[137,139,152],"product_tag":[],"class_list":{"0":"post-14761","1":"product","2":"type-product","3":"status-publish","4":"has-post-thumbnail","6":"product_cat-accessories","7":"product_cat-pliers","8":"product_cat-under_category","9":"yith_product_brand-bubba","10":"desktop-align-left","11":"tablet-align-left","12":"mobile-align-center","14":"first","15":"instock","16":"shipping-taxable","17":"purchasable","18":"product-type-simple"},"acf":[],"_links":{"self":[{"href":"https:\/\/www.doubledigitstore.com\/it\/wp-json\/wp\/v2\/product\/14761","targetHints":{"allow":["GET"]}}],"collection":[{"href":"https:\/\/www.doubledigitstore.com\/it\/wp-json\/wp\/v2\/product"}],"about":[{"href":"https:\/\/www.doubledigitstore.com\/it\/wp-json\/wp\/v2\/types\/product"}],"replies":[{"embeddable":true,"href":"https:\/\/www.doubledigitstore.com\/it\/wp-json\/wp\/v2\/comments?post=14761"}],"version-history":[{"count":1,"href":"https:\/\/www.doubledigitstore.com\/it\/wp-json\/wp\/v2\/product\/14761\/revisions"}],"predecessor-version":[{"id":14765,"href":"https:\/\/www.doubledigitstore.com\/it\/wp-json\/wp\/v2\/product\/14761\/revisions\/14765"}],"wp:featuredmedia":[{"embeddable":true,"href":"https:\/\/www.doubledigitstore.com\/it\/wp-json\/wp\/v2\/media\/14762"}],"wp:attachment":[{"href":"https:\/\/www.doubledigitstore.com\/it\/wp-json\/wp\/v2\/media?parent=14761"}],"wp:term":[{"taxonomy":"product_cat","embeddable":true,"href":"https:\/\/www.doubledigitstore.com\/it\/wp-json\/wp\/v2\/product_cat?post=14761"},{"taxonomy":"product_tag","embeddable":true,"href":"https:\/\/www.doubledigitstore.com\/it\/wp-json\/wp\/v2\/product_tag?post=14761"}],"curies":[{"name":"wp","href":"https:\/\/api.w.org\/{rel}","templated":true}]}}