{"id":14862,"date":"2025-11-19T19:55:30","date_gmt":"2025-11-19T18:55:30","guid":{"rendered":"https:\/\/www.doubledigitstore.com\/?post_type=product&#038;p=14862"},"modified":"2025-11-19T19:55:30","modified_gmt":"2025-11-19T18:55:30","slug":"gordito-crankbait","status":"publish","type":"product","link":"https:\/\/www.doubledigitstore.com\/it\/prodotto\/gordito-crankbait\/","title":{"rendered":"Gordito Crankbait"},"content":{"rendered":"<p>El perfecto peque\u00f1o detalle de excelencia en la captura de peces, el 13 Fishing Gordito Crankbait es un crankbait letal que pondr\u00e1 peces en el barco para los pescadores los 365 d\u00edas del a\u00f1o. Con una cabeza ancha y una cola afilada, el 13 Fishing Gordito Crankbait produce un balanceo amplio y una acci\u00f3n agresiva de caza lateral a lado, que es lo que los pescadores entusiastas buscan en un crankbait premium porque saben que es el que captura m\u00e1s peces. Tambi\u00e9n cuenta con un sistema de ponderaci\u00f3n interno fijo que est\u00e1 posicionado para realizar lanzamientos m\u00e1s largos y precisos, de modo que los pescadores puedan cubrir r\u00e1pidamente m\u00e1s agua.<\/p>\n<p>Listo para pescar directamente de la caja, el 13 Fishing Gordito Crankbait viene equipado con anzuelos triples negros de n\u00edquel afilados qu\u00edmicamente VMC de alta calidad que ofrecen conjuntos de anzuelos ultrarr\u00e1pidos y una proporci\u00f3n de captura de peces aumentada. Rematado con un par de ojos 3D y un acabado de pintura realista, el 13 Fishing Gordito Crankbait es uno de los que nunca deber\u00edas dejar el muelle sin ella.<\/p>\n","protected":false},"excerpt":{"rendered":"<p><strong>13 Fishing<\/strong><\/p>\n<p>1 Color<\/p>\n","protected":false},"featured_media":14866,"comment_status":"closed","ping_status":"closed","template":"","meta":{"_acf_changed":false,"site-sidebar-layout":"default","site-content-layout":"","ast-site-content-layout":"default","site-content-style":"default","site-sidebar-style":"default","ast-global-header-display":"","ast-banner-title-visibility":"","ast-main-header-display":"","ast-hfb-above-header-display":"","ast-hfb-below-header-display":"","ast-hfb-mobile-header-display":"","site-post-title":"","ast-breadcrumbs-content":"","ast-featured-img":"","footer-sml-layout":"","theme-transparent-header-meta":"default","adv-header-id-meta":"","stick-header-meta":"","header-above-stick-meta":"","header-main-stick-meta":"","header-below-stick-meta":"","astra-migrate-meta-layouts":"set","ast-page-background-enabled":"default","ast-page-background-meta":{"desktop":{"background-color":"","background-image":"","background-repeat":"repeat","background-position":"center center","background-size":"auto","background-attachment":"scroll","background-type":"","background-media":"","overlay-type":"","overlay-color":"","overlay-opacity":"","overlay-gradient":""},"tablet":{"background-color":"","background-image":"","background-repeat":"repeat","background-position":"center center","background-size":"auto","background-attachment":"scroll","background-type":"","background-media":"","overlay-type":"","overlay-color":"","overlay-opacity":"","overlay-gradient":""},"mobile":{"background-color":"","background-image":"","background-repeat":"repeat","background-position":"center center","background-size":"auto","background-attachment":"scroll","background-type":"","background-media":"","overlay-type":"","overlay-color":"","overlay-opacity":"","overlay-gradient":""}},"ast-content-background-meta":{"desktop":{"background-color":"var(--ast-global-color-5)","background-image":"","background-repeat":"repeat","background-position":"center center","background-size":"auto","background-attachment":"scroll","background-type":"","background-media":"","overlay-type":"","overlay-color":"","overlay-opacity":"","overlay-gradient":""},"tablet":{"background-color":"var(--ast-global-color-5)","background-image":"","background-repeat":"repeat","background-position":"center center","background-size":"auto","background-attachment":"scroll","background-type":"","background-media":"","overlay-type":"","overlay-color":"","overlay-opacity":"","overlay-gradient":""},"mobile":{"background-color":"var(--ast-global-color-5)","background-image":"","background-repeat":"repeat","background-position":"center center","background-size":"auto","background-attachment":"scroll","background-type":"","background-media":"","overlay-type":"","overlay-color":"","overlay-opacity":"","overlay-gradient":""}}},"product_cat":[100],"product_tag":[],"class_list":{"0":"post-14862","1":"product","2":"type-product","3":"status-publish","4":"has-post-thumbnail","6":"product_cat-crankbaits","7":"yith_product_brand-13-fishing","8":"desktop-align-left","9":"tablet-align-left","10":"mobile-align-center","12":"first","13":"instock","14":"shipping-taxable","15":"purchasable","16":"product-type-simple"},"acf":[],"_links":{"self":[{"href":"https:\/\/www.doubledigitstore.com\/it\/wp-json\/wp\/v2\/product\/14862","targetHints":{"allow":["GET"]}}],"collection":[{"href":"https:\/\/www.doubledigitstore.com\/it\/wp-json\/wp\/v2\/product"}],"about":[{"href":"https:\/\/www.doubledigitstore.com\/it\/wp-json\/wp\/v2\/types\/product"}],"replies":[{"embeddable":true,"href":"https:\/\/www.doubledigitstore.com\/it\/wp-json\/wp\/v2\/comments?post=14862"}],"version-history":[{"count":2,"href":"https:\/\/www.doubledigitstore.com\/it\/wp-json\/wp\/v2\/product\/14862\/revisions"}],"predecessor-version":[{"id":14870,"href":"https:\/\/www.doubledigitstore.com\/it\/wp-json\/wp\/v2\/product\/14862\/revisions\/14870"}],"wp:featuredmedia":[{"embeddable":true,"href":"https:\/\/www.doubledigitstore.com\/it\/wp-json\/wp\/v2\/media\/14866"}],"wp:attachment":[{"href":"https:\/\/www.doubledigitstore.com\/it\/wp-json\/wp\/v2\/media?parent=14862"}],"wp:term":[{"taxonomy":"product_cat","embeddable":true,"href":"https:\/\/www.doubledigitstore.com\/it\/wp-json\/wp\/v2\/product_cat?post=14862"},{"taxonomy":"product_tag","embeddable":true,"href":"https:\/\/www.doubledigitstore.com\/it\/wp-json\/wp\/v2\/product_tag?post=14862"}],"curies":[{"name":"wp","href":"https:\/\/api.w.org\/{rel}","templated":true}]}}