{"id":14899,"date":"2025-11-21T11:34:18","date_gmt":"2025-11-21T10:34:18","guid":{"rendered":"https:\/\/www.doubledigitstore.com\/?post_type=product&#038;p=14899"},"modified":"2025-11-21T11:34:19","modified_gmt":"2025-11-21T10:34:19","slug":"kvd-200-jerkbait","status":"publish","type":"product","link":"https:\/\/www.doubledigitstore.com\/it\/prodotto\/kvd-200-jerkbait\/","title":{"rendered":"KVD 200 Jerkbait"},"content":{"rendered":"<p>Kevin VanDam pas\u00f3 cerca de dos a\u00f1os dise\u00f1ando y probando el nuevo Strike King KVD 200 Jerkbait antes de conseguirlo perfectamente. No se parece a ning\u00fan jerkbait del mercado, con una acci\u00f3n m\u00e1s salvaje que cualquier otro jerkbait que haya pescado antes, y acaba picado. Tiene un recorrido lateral muy amplio en el jerk, y tambi\u00e9n mucho movimiento err\u00e1tico y movimiento de dardos. Un sistema de transferencia de peso permite lanzarlo a kil\u00f3metros, y los ojos 3D y los incre\u00edbles detalles solo aumentan su atractivo. Tambi\u00e9n cuenta con dos anzuelos agudos s\u00faper afilados para maximizar el potencial de gancho. Disponible en una gama de colores seleccionados por KVD, rompe el Strike King KVD 200 Jerkbait en cuerda holgada para m\u00e1xima acci\u00f3n \u2014 \u00a1y cuidado!<\/p>\n","protected":false},"excerpt":{"rendered":"<p><strong>Strike King<\/strong><\/p>\n<p>3 Colors<\/p>\n","protected":false},"featured_media":14909,"comment_status":"closed","ping_status":"closed","template":"","meta":{"_acf_changed":false,"site-sidebar-layout":"default","site-content-layout":"","ast-site-content-layout":"default","site-content-style":"default","site-sidebar-style":"default","ast-global-header-display":"","ast-banner-title-visibility":"","ast-main-header-display":"","ast-hfb-above-header-display":"","ast-hfb-below-header-display":"","ast-hfb-mobile-header-display":"","site-post-title":"","ast-breadcrumbs-content":"","ast-featured-img":"","footer-sml-layout":"","theme-transparent-header-meta":"default","adv-header-id-meta":"","stick-header-meta":"","header-above-stick-meta":"","header-main-stick-meta":"","header-below-stick-meta":"","astra-migrate-meta-layouts":"set","ast-page-background-enabled":"default","ast-page-background-meta":{"desktop":{"background-color":"","background-image":"","background-repeat":"repeat","background-position":"center center","background-size":"auto","background-attachment":"scroll","background-type":"","background-media":"","overlay-type":"","overlay-color":"","overlay-opacity":"","overlay-gradient":""},"tablet":{"background-color":"","background-image":"","background-repeat":"repeat","background-position":"center center","background-size":"auto","background-attachment":"scroll","background-type":"","background-media":"","overlay-type":"","overlay-color":"","overlay-opacity":"","overlay-gradient":""},"mobile":{"background-color":"","background-image":"","background-repeat":"repeat","background-position":"center center","background-size":"auto","background-attachment":"scroll","background-type":"","background-media":"","overlay-type":"","overlay-color":"","overlay-opacity":"","overlay-gradient":""}},"ast-content-background-meta":{"desktop":{"background-color":"var(--ast-global-color-5)","background-image":"","background-repeat":"repeat","background-position":"center center","background-size":"auto","background-attachment":"scroll","background-type":"","background-media":"","overlay-type":"","overlay-color":"","overlay-opacity":"","overlay-gradient":""},"tablet":{"background-color":"var(--ast-global-color-5)","background-image":"","background-repeat":"repeat","background-position":"center center","background-size":"auto","background-attachment":"scroll","background-type":"","background-media":"","overlay-type":"","overlay-color":"","overlay-opacity":"","overlay-gradient":""},"mobile":{"background-color":"var(--ast-global-color-5)","background-image":"","background-repeat":"repeat","background-position":"center center","background-size":"auto","background-attachment":"scroll","background-type":"","background-media":"","overlay-type":"","overlay-color":"","overlay-opacity":"","overlay-gradient":""}}},"product_cat":[106],"product_tag":[],"class_list":{"0":"post-14899","1":"product","2":"type-product","3":"status-publish","4":"has-post-thumbnail","6":"product_cat-jerkbaits","7":"yith_product_brand-strike-king","8":"desktop-align-left","9":"tablet-align-left","10":"mobile-align-center","12":"first","13":"instock","14":"shipping-taxable","15":"purchasable","16":"product-type-simple"},"acf":[],"_links":{"self":[{"href":"https:\/\/www.doubledigitstore.com\/it\/wp-json\/wp\/v2\/product\/14899","targetHints":{"allow":["GET"]}}],"collection":[{"href":"https:\/\/www.doubledigitstore.com\/it\/wp-json\/wp\/v2\/product"}],"about":[{"href":"https:\/\/www.doubledigitstore.com\/it\/wp-json\/wp\/v2\/types\/product"}],"replies":[{"embeddable":true,"href":"https:\/\/www.doubledigitstore.com\/it\/wp-json\/wp\/v2\/comments?post=14899"}],"version-history":[{"count":2,"href":"https:\/\/www.doubledigitstore.com\/it\/wp-json\/wp\/v2\/product\/14899\/revisions"}],"predecessor-version":[{"id":14913,"href":"https:\/\/www.doubledigitstore.com\/it\/wp-json\/wp\/v2\/product\/14899\/revisions\/14913"}],"wp:featuredmedia":[{"embeddable":true,"href":"https:\/\/www.doubledigitstore.com\/it\/wp-json\/wp\/v2\/media\/14909"}],"wp:attachment":[{"href":"https:\/\/www.doubledigitstore.com\/it\/wp-json\/wp\/v2\/media?parent=14899"}],"wp:term":[{"taxonomy":"product_cat","embeddable":true,"href":"https:\/\/www.doubledigitstore.com\/it\/wp-json\/wp\/v2\/product_cat?post=14899"},{"taxonomy":"product_tag","embeddable":true,"href":"https:\/\/www.doubledigitstore.com\/it\/wp-json\/wp\/v2\/product_tag?post=14899"}],"curies":[{"name":"wp","href":"https:\/\/api.w.org\/{rel}","templated":true}]}}