{"id":14977,"date":"2025-11-27T17:40:45","date_gmt":"2025-11-27T16:40:45","guid":{"rendered":"https:\/\/www.doubledigitstore.com\/?post_type=product&#038;p=14977"},"modified":"2026-04-17T13:52:15","modified_gmt":"2026-04-17T11:52:15","slug":"over-000","status":"publish","type":"product","link":"https:\/\/www.doubledigitstore.com\/it\/prodotto\/over-000\/","title":{"rendered":"OVER 000"},"content":{"rendered":"<ul>\n<li>For years, we&#8217;ve been searching for a soft swimbait that identifies us!!! Now it&#8217;s here! It&#8217;s the exclusive <strong>VESTRANGE<\/strong> lure, the new <strong>OVER 000<\/strong>!!<\/li>\n<li>A product designed in Japan down to the smallest aesthetic and performance details to deliver the best results for catching Big Bass!!!<\/li>\n<li><strong>Product available for pre-order. Available soon.<\/strong><\/li>\n<\/ul>\n<p>&nbsp;<\/p>\n<ul>\n<li>\u00a1Llevamos a\u00f1os buscando un swimbait blando que nos identifique! \u00a1Ya est\u00e1 aqu\u00ed! Es el exclusivo se\u00f1uelo <strong>VESTRANGE<\/strong>, \u00a1el nuevo <strong>OVER 000<\/strong>!<\/li>\n<li>Un producto dise\u00f1ado en Japon hasta el \u00faltimo detalle est\u00e9tico y de rendimiento para ofrecer los mejores resultados en la captura de tu Black Bass.<\/li>\n<li><strong>Producto disponible para reserva. Pr\u00f3ximamente disponible.<\/strong><\/li>\n<\/ul>\n<p>YA DISPONIBLES LAS 50 PIEZAS DEL COLOR EXCLUSIVO &#8220;ALBURNO&#8221;<\/p>\n","protected":false},"excerpt":{"rendered":"<p><strong>Vestrage\u00a0<\/strong><\/p>\n<p>4 Colors<\/p>\n","protected":false},"featured_media":14987,"comment_status":"closed","ping_status":"closed","template":"","meta":{"_acf_changed":false,"site-sidebar-layout":"default","site-content-layout":"","ast-site-content-layout":"default","site-content-style":"default","site-sidebar-style":"default","ast-global-header-display":"","ast-banner-title-visibility":"","ast-main-header-display":"","ast-hfb-above-header-display":"","ast-hfb-below-header-display":"","ast-hfb-mobile-header-display":"","site-post-title":"","ast-breadcrumbs-content":"","ast-featured-img":"","footer-sml-layout":"","theme-transparent-header-meta":"default","adv-header-id-meta":"","stick-header-meta":"","header-above-stick-meta":"","header-main-stick-meta":"","header-below-stick-meta":"","astra-migrate-meta-layouts":"set","ast-page-background-enabled":"default","ast-page-background-meta":{"desktop":{"background-color":"","background-image":"","background-repeat":"repeat","background-position":"center center","background-size":"auto","background-attachment":"scroll","background-type":"","background-media":"","overlay-type":"","overlay-color":"","overlay-opacity":"","overlay-gradient":""},"tablet":{"background-color":"","background-image":"","background-repeat":"repeat","background-position":"center center","background-size":"auto","background-attachment":"scroll","background-type":"","background-media":"","overlay-type":"","overlay-color":"","overlay-opacity":"","overlay-gradient":""},"mobile":{"background-color":"","background-image":"","background-repeat":"repeat","background-position":"center center","background-size":"auto","background-attachment":"scroll","background-type":"","background-media":"","overlay-type":"","overlay-color":"","overlay-opacity":"","overlay-gradient":""}},"ast-content-background-meta":{"desktop":{"background-color":"var(--ast-global-color-5)","background-image":"","background-repeat":"repeat","background-position":"center center","background-size":"auto","background-attachment":"scroll","background-type":"","background-media":"","overlay-type":"","overlay-color":"","overlay-opacity":"","overlay-gradient":""},"tablet":{"background-color":"var(--ast-global-color-5)","background-image":"","background-repeat":"repeat","background-position":"center center","background-size":"auto","background-attachment":"scroll","background-type":"","background-media":"","overlay-type":"","overlay-color":"","overlay-opacity":"","overlay-gradient":""},"mobile":{"background-color":"var(--ast-global-color-5)","background-image":"","background-repeat":"repeat","background-position":"center center","background-size":"auto","background-attachment":"scroll","background-type":"","background-media":"","overlay-type":"","overlay-color":"","overlay-opacity":"","overlay-gradient":""}}},"product_cat":[104],"product_tag":[],"class_list":{"0":"post-14977","1":"product","2":"type-product","3":"status-publish","4":"has-post-thumbnail","6":"product_cat-soft-swimbaits","7":"desktop-align-left","8":"tablet-align-left","9":"mobile-align-center","11":"first","12":"instock","13":"shipping-taxable","14":"purchasable","15":"product-type-simple"},"acf":[],"_links":{"self":[{"href":"https:\/\/www.doubledigitstore.com\/it\/wp-json\/wp\/v2\/product\/14977","targetHints":{"allow":["GET"]}}],"collection":[{"href":"https:\/\/www.doubledigitstore.com\/it\/wp-json\/wp\/v2\/product"}],"about":[{"href":"https:\/\/www.doubledigitstore.com\/it\/wp-json\/wp\/v2\/types\/product"}],"replies":[{"embeddable":true,"href":"https:\/\/www.doubledigitstore.com\/it\/wp-json\/wp\/v2\/comments?post=14977"}],"version-history":[{"count":6,"href":"https:\/\/www.doubledigitstore.com\/it\/wp-json\/wp\/v2\/product\/14977\/revisions"}],"predecessor-version":[{"id":15058,"href":"https:\/\/www.doubledigitstore.com\/it\/wp-json\/wp\/v2\/product\/14977\/revisions\/15058"}],"wp:featuredmedia":[{"embeddable":true,"href":"https:\/\/www.doubledigitstore.com\/it\/wp-json\/wp\/v2\/media\/14987"}],"wp:attachment":[{"href":"https:\/\/www.doubledigitstore.com\/it\/wp-json\/wp\/v2\/media?parent=14977"}],"wp:term":[{"taxonomy":"product_cat","embeddable":true,"href":"https:\/\/www.doubledigitstore.com\/it\/wp-json\/wp\/v2\/product_cat?post=14977"},{"taxonomy":"product_tag","embeddable":true,"href":"https:\/\/www.doubledigitstore.com\/it\/wp-json\/wp\/v2\/product_tag?post=14977"}],"curies":[{"name":"wp","href":"https:\/\/api.w.org\/{rel}","templated":true}]}}